{"id":32908,"date":"2022-04-07T12:17:50","date_gmt":"2022-04-07T11:17:50","guid":{"rendered":"https:\/\/dev.wisdomignite.pt\/itconsulting\/?page_id=32908"},"modified":"2022-04-07T13:03:15","modified_gmt":"2022-04-07T12:03:15","slug":"xd-spa","status":"publish","type":"page","link":"https:\/\/dev.wisdomignite.pt\/itconsulting\/xd-software\/xd-spa\/","title":{"rendered":"XD SPA"},"content":{"rendered":"\n\t<section class=\"section\" id=\"section_2097334575\">\n\t\t<div class=\"bg section-bg fill bg-fill  bg-loaded\" >\n\n\t\t\t\n\t\t\t\n\t\t\t\n\n\t\t<\/div>\n\n\t\t\n\n\t\t<div class=\"section-content relative\">\n\t\t\t\n\n<div class=\"row\" style=\"max-width:1300px\" id=\"row-534720246\">\n\n\n\t<div id=\"col-239710823\" class=\"col small-12 large-12\"  >\n\t\t\t\t<div class=\"col-inner text-center\"  >\n\t\t\t\n\t\t\t\n\n<h2 style=\"margin: 0\">XD SPA<\/h2>\n<h4>Institutos de Beleza, SPA&#8217;s ou Cabeleireiro<\/h4>\n\n\t\t<\/div>\n\t\t\t\t\t<\/div>\n\n\t\n\n<\/div>\n<div class=\"row\" style=\"max-width:1300px\" id=\"row-912402796\">\n\n\n\t<div id=\"col-1800399287\" class=\"col medium-6 small-6 large-6\"  >\n\t\t\t\t<div class=\"col-inner text-center\"  >\n\t\t\t\n\t\t\t\n\n\n\n<img src=\"https:\/\/dev.wisdomignite.pt\/itconsulting\/wp-content\/uploads\/2022\/04\/1_new_5.png\" style=\"max-height: 400px\" \/>\n\n\t<div id=\"gap-1529112344\" class=\"gap-element clearfix\" style=\"display:block; height:auto;\">\n\t\t\n<style>\n#gap-1529112344 {\n  padding-top: 5px;\n}\n<\/style>\n\t<\/div>\n\t\n\n\n\t\t<\/div>\n\t\t\t\t\t<\/div>\n\n\t\n\n\t<div id=\"col-661205906\" class=\"col medium-6 small-6 large-6\"  >\n\t\t\t\t<div class=\"col-inner text-left\"  >\n\t\t\t\n\t\t\t\n\n\t<div id=\"gap-1619637531\" class=\"gap-element clearfix\" style=\"display:block; height:auto;\">\n\t\t\n<style>\n#gap-1619637531 {\n  padding-top: 5px;\n}\n<\/style>\n\t<\/div>\n\t\n\n\t<div id=\"text-2809252871\" class=\"text\">\n\t\t\n\n<h3 style=\"margin: 0\">Rapidez, Flexibilidade e facilidade de utiliza\u00e7\u00e3o<\/h3>\n<h5>A solu\u00e7\u00e3o mais completa do mercado para gerir o seu Instituto de Beleza, SPA ou Cabeleireiro<\/h5>\n<p>XD SPA foi desenvolvido especialmente para as necessidades dos Sal\u00f5es de beleza e SPA. Uma vers\u00e3o completa de baixo custo com funcionalidades indispens\u00e1veis para a gest\u00e3o do seu neg\u00f3cio. Organize a sua agenda, controle as comiss\u00f5es por funcion\u00e1rios, tenha mais flexibilidade no atendimento e Personalize as salas do seu espa\u00e7o em modo real.<\/p>\n\t\t\n<style>\n#text-2809252871 {\n  text-align: left;\n}\n<\/style>\n\t<\/div>\n\t\n\n\t\t<\/div>\n\t\t\t\t\t<\/div>\n\n\t\n\n<\/div>\n<div class=\"row\" style=\"max-width:1300px\" id=\"row-1977888229\">\n\n\n\t<div id=\"col-837336394\" class=\"col medium-3 small-6 large-3\"  >\n\t\t\t\t<div class=\"col-inner text-center\"  >\n\t\t\t\n\t\t\t\n\n\n\n<img src=\"https:\/\/dev.wisdomignite.pt\/itconsulting\/wp-content\/uploads\/2022\/04\/spa-04-3.gif\" style=\"max-height: 200px\" \/>\n\n\t<div id=\"text-2388232416\" class=\"text\">\n\t\t\n\n<h3 style=\"margin: 0\">Desenho de salas configur\u00e1vel<\/h3>\n<p>Permite criar e configurar salas com mesas e objetos realistas, permitindo definir Ivas e pre\u00e7os diferentes por zonas.\n<\/p>\n\t\t\n<style>\n#text-2388232416 {\n  text-align: center;\n}\n<\/style>\n\t<\/div>\n\t\n\t<div id=\"gap-1691956841\" class=\"gap-element clearfix\" style=\"display:block; height:auto;\">\n\t\t\n<style>\n#gap-1691956841 {\n  padding-top: 5px;\n}\n<\/style>\n\t<\/div>\n\t\n\n\n\t\t<\/div>\n\t\t\t\t\t<\/div>\n\n\t\n\n\t<div id=\"col-269090279\" class=\"col medium-3 small-6 large-3\"  >\n\t\t\t\t<div class=\"col-inner text-center\"  >\n\t\t\t\n\t\t\t\n\n\n\n<img src=\"https:\/\/dev.wisdomignite.pt\/itconsulting\/wp-content\/uploads\/2022\/04\/pontos-2.jpg\" style=\"max-height: 200px\" \/>\n\n\t<div id=\"text-1123436588\" class=\"text\">\n\t\t\n\n<h3 style=\"margin: 0;\">Sistema Fideliza\u00e7\u00e3o \/ Pontos<\/h3>\n<ul>\n<li>Suporte a cart\u00f5es magn\u00e9ticos.<\/li>\n<li>Defini\u00e7\u00e3o de pontos por produto ou servi\u00e7o.<\/li>\n<li>Conta corrente de pontos Consulta de pontos na Web.<\/li>\n<\/ul>\n\t\t\n<style>\n#text-1123436588 {\n  text-align: left;\n}\n<\/style>\n\t<\/div>\n\t\n\t<div id=\"gap-1984568160\" class=\"gap-element clearfix\" style=\"display:block; height:auto;\">\n\t\t\n<style>\n#gap-1984568160 {\n  padding-top: 5px;\n}\n<\/style>\n\t<\/div>\n\t\n\n\n\t\t<\/div>\n\t\t\t\t\t<\/div>\n\n\t\n\n\t<div id=\"col-815938197\" class=\"col medium-3 small-6 large-3\"  >\n\t\t\t\t<div class=\"col-inner text-center\"  >\n\t\t\t\n\t\t\t\n\n\n\n<img src=\"https:\/\/dev.wisdomignite.pt\/itconsulting\/wp-content\/uploads\/2022\/04\/agenda_spa_1024.jpg\" style=\"max-height: 200px\" \/>\n\n\t<div id=\"text-1326361621\" class=\"text\">\n\t\t\n\n<h3 style=\"margin: 0;\">Agenda de Marca\u00e7\u00e3o<\/h3>\n<ul>\n<li>Agenda coletiva ou individual.<\/li>\n<li>Avisos por SMS\/E-mail para clientes a avisar marca\u00e7\u00f5es.<\/li>\n<\/ul>\n\t\t\n<style>\n#text-1326361621 {\n  text-align: left;\n}\n<\/style>\n\t<\/div>\n\t\n\t<div id=\"gap-881046786\" class=\"gap-element clearfix\" style=\"display:block; height:auto;\">\n\t\t\n<style>\n#gap-881046786 {\n  padding-top: 5px;\n}\n<\/style>\n\t<\/div>\n\t\n\n\n\t\t<\/div>\n\t\t\t\t\t<\/div>\n\n\t\n\n\t<div id=\"col-33391413\" class=\"col medium-3 small-6 large-3\"  >\n\t\t\t\t<div class=\"col-inner text-center\"  >\n\t\t\t\n\t\t\t\n\n\n\n<img src=\"https:\/\/dev.wisdomignite.pt\/itconsulting\/wp-content\/uploads\/2022\/04\/agenda-equipamento.jpg\" style=\"max-height: 200px\" \/>\n\n\t<div id=\"text-3950815735\" class=\"text\">\n\t\t\n\n<h3 style=\"margin: 0;\">Reserva de Equipamentos<\/h3>\n<ul>\n<li>Reserva de sol\u00e1rios e outras m\u00e1quinas com liga\u00e7\u00e3o directa \u00e1 agenda.<\/li>\n<\/ul>\n\t\t\n<style>\n#text-3950815735 {\n  text-align: left;\n}\n<\/style>\n\t<\/div>\n\t\n\t<div id=\"gap-855488415\" class=\"gap-element clearfix\" style=\"display:block; height:auto;\">\n\t\t\n<style>\n#gap-855488415 {\n  padding-top: 5px;\n}\n<\/style>\n\t<\/div>\n\t\n\n\n\t\t<\/div>\n\t\t\t\t\t<\/div>\n\n\t\n\n\t<div id=\"col-719068683\" class=\"col medium-3 small-6 large-3\"  >\n\t\t\t\t<div class=\"col-inner text-center\"  >\n\t\t\t\n\t\t\t\n\n\n\n<img src=\"https:\/\/dev.wisdomignite.pt\/itconsulting\/wp-content\/uploads\/2022\/04\/comissoes.jpg\" style=\"max-height: 200px\" \/>\n\n\t<div id=\"text-2440801990\" class=\"text\">\n\t\t\n\n<h3 style=\"margin: 0;\">Comiss\u00f5es<\/h3>\n<ul>\n<li>Mapas de comiss\u00f5es por produto, fam\u00edlia ou servi\u00e7o<\/li>\n<li>Pagamento de comiss\u00f5es ap\u00f3s recebimento.<\/li>\n<\/ul>\n\t\t\n<style>\n#text-2440801990 {\n  text-align: left;\n}\n<\/style>\n\t<\/div>\n\t\n\t<div id=\"gap-2058441229\" class=\"gap-element clearfix\" style=\"display:block; height:auto;\">\n\t\t\n<style>\n#gap-2058441229 {\n  padding-top: 5px;\n}\n<\/style>\n\t<\/div>\n\t\n\n\n\t\t<\/div>\n\t\t\t\t\t<\/div>\n\n\t\n\n\t<div id=\"col-2097680107\" class=\"col medium-3 small-6 large-3\"  >\n\t\t\t\t<div class=\"col-inner text-center\"  >\n\t\t\t\n\t\t\t\n\n\n\n<img src=\"https:\/\/dev.wisdomignite.pt\/itconsulting\/wp-content\/uploads\/2022\/04\/linha-a-linha.jpg\" style=\"max-height: 200px\" \/>\n\n\t<div id=\"text-2957269390\" class=\"text\">\n\t\t\n\n<h3 style=\"margin: 0;\">Vendedor Linha a Linha<\/h3>\n<ul>\n<li>Possibilidade de indicar por servi\u00e7o prestado o vendedor que o executou.<\/li>\n<li>V\u00e1rios vendedores no mesmo tal\u00e3o.<\/li>\n<\/ul>\n\t\t\n<style>\n#text-2957269390 {\n  text-align: left;\n}\n<\/style>\n\t<\/div>\n\t\n\t<div id=\"gap-1039069863\" class=\"gap-element clearfix\" style=\"display:block; height:auto;\">\n\t\t\n<style>\n#gap-1039069863 {\n  padding-top: 5px;\n}\n<\/style>\n\t<\/div>\n\t\n\n\n\t\t<\/div>\n\t\t\t\t\t<\/div>\n\n\t\n\n\t<div id=\"col-1083912980\" class=\"col medium-3 small-6 large-3\"  >\n\t\t\t\t<div class=\"col-inner text-center\"  >\n\t\t\t\n\t\t\t\n\n\n\n<img src=\"https:\/\/dev.wisdomignite.pt\/itconsulting\/wp-content\/uploads\/2022\/04\/especifico-para-o-sector.jpg\" style=\"max-height: 200px\" \/>\n\n\t<div id=\"text-4003575228\" class=\"text\">\n\t\t\n\n<h3 style=\"margin: 0;\">Espec\u00edfico para o Sector<\/h3>\n<ul>\n<li>Ficha de artigos com indica\u00e7\u00e3o de informa\u00e7\u00e3o adicional: Indica\u00e7\u00f5es, Contra indica\u00e7\u00f5es, Instru\u00e7\u00f5es de uso.<\/li>\n<\/ul>\n\t\t\n<style>\n#text-4003575228 {\n  text-align: left;\n}\n<\/style>\n\t<\/div>\n\t\n\t<div id=\"gap-2120774713\" class=\"gap-element clearfix\" style=\"display:block; height:auto;\">\n\t\t\n<style>\n#gap-2120774713 {\n  padding-top: 5px;\n}\n<\/style>\n\t<\/div>\n\t\n\n\n\t\t<\/div>\n\t\t\t\t\t<\/div>\n\n\t\n\n\t<div id=\"col-1859268498\" class=\"col medium-3 small-6 large-3\"  >\n\t\t\t\t<div class=\"col-inner text-center\"  >\n\t\t\t\n\t\t\t\n\n\n\n<img src=\"https:\/\/dev.wisdomignite.pt\/itconsulting\/wp-content\/uploads\/2022\/04\/tlm_xd-spa.jpg\" style=\"max-height: 200px\" \/>\n\n\t<div id=\"text-4220809352\" class=\"text\">\n\t\t\n\n<h3 style=\"margin: 0;\">Relat\u00f3rios no seu Telem\u00f3vel<\/h3>\n<ul>\n<li>Relat\u00f3rios diretamente no seu telem\u00f3vel<\/li>\n<\/ul>\n\t\t\n<style>\n#text-4220809352 {\n  text-align: left;\n}\n<\/style>\n\t<\/div>\n\t\n\t<div id=\"gap-1966840874\" class=\"gap-element clearfix\" style=\"display:block; height:auto;\">\n\t\t\n<style>\n#gap-1966840874 {\n  padding-top: 5px;\n}\n<\/style>\n\t<\/div>\n\t\n\n\n\t\t<\/div>\n\t\t\t\t\t<\/div>\n\n\t\n\n<\/div>\n<div class=\"row\" style=\"max-width:1300px\" id=\"row-1084620501\">\n\n\n\t<div id=\"col-1737045781\" class=\"col small-12 large-12\"  >\n\t\t\t\t<div class=\"col-inner text-center\"  >\n\t\t\t\n\t\t\t\n\n<h2 style=\"margin: 0\">Galeria de Imagens<\/h2>\n\n\t\t<\/div>\n\t\t\t\t\t<\/div>\n\n\t\n\n<\/div>\n<div class=\"row\"  id=\"row-1315193817\">\n\n\n\t<div id=\"col-2133458452\" class=\"col medium-3 small-6 large-3\"  >\n\t\t\t\t<div class=\"col-inner\"  >\n\t\t\t\n\t\t\t\n\n\t<div class=\"img has-hover x md-x lg-x y md-y lg-y\" id=\"image_517801078\">\n\t\t<a class=\"image-lightbox lightbox-gallery\" title=\"\" href=\"https:\/\/dev.wisdomignite.pt\/itconsulting\/wp-content\/uploads\/2022\/04\/1.jpg\">\t\t\t\t\t\t<div class=\"img-inner dark\" >\n\t\t\t<img width=\"978\" height=\"740\" src=\"https:\/\/dev.wisdomignite.pt\/itconsulting\/wp-content\/uploads\/2022\/04\/1.jpg\" class=\"attachment-large size-large\" alt=\"\" loading=\"lazy\" srcset=\"https:\/\/dev.wisdomignite.pt\/itconsulting\/wp-content\/uploads\/2022\/04\/1.jpg 978w, https:\/\/dev.wisdomignite.pt\/itconsulting\/wp-content\/uploads\/2022\/04\/1-529x400.jpg 529w, https:\/\/dev.wisdomignite.pt\/itconsulting\/wp-content\/uploads\/2022\/04\/1-768x581.jpg 768w, https:\/\/dev.wisdomignite.pt\/itconsulting\/wp-content\/uploads\/2022\/04\/1-510x386.jpg 510w\" sizes=\"(max-width: 978px) 100vw, 978px\" \/>\t\t\t\t\t\t\n\t\t\t\t\t<\/div>\n\t\t\t\t\t\t<\/a>\t\t\n<style>\n#image_517801078 {\n  width: 100%;\n}\n<\/style>\n\t<\/div>\n\t\n\n\n\t\t<\/div>\n\t\t\t\t\t<\/div>\n\n\t\n\n\t<div id=\"col-1544320606\" class=\"col medium-3 small-6 large-3\"  >\n\t\t\t\t<div class=\"col-inner\"  >\n\t\t\t\n\t\t\t\n\n\t<div class=\"img has-hover x md-x lg-x y md-y lg-y\" id=\"image_170567125\">\n\t\t<a class=\"image-lightbox lightbox-gallery\" title=\"\" href=\"https:\/\/dev.wisdomignite.pt\/itconsulting\/wp-content\/uploads\/2022\/04\/3.jpg\">\t\t\t\t\t\t<div class=\"img-inner dark\" >\n\t\t\t<img width=\"978\" height=\"740\" src=\"https:\/\/dev.wisdomignite.pt\/itconsulting\/wp-content\/uploads\/2022\/04\/3.jpg\" class=\"attachment-large size-large\" alt=\"\" loading=\"lazy\" srcset=\"https:\/\/dev.wisdomignite.pt\/itconsulting\/wp-content\/uploads\/2022\/04\/3.jpg 978w, https:\/\/dev.wisdomignite.pt\/itconsulting\/wp-content\/uploads\/2022\/04\/3-529x400.jpg 529w, https:\/\/dev.wisdomignite.pt\/itconsulting\/wp-content\/uploads\/2022\/04\/3-768x581.jpg 768w, https:\/\/dev.wisdomignite.pt\/itconsulting\/wp-content\/uploads\/2022\/04\/3-510x386.jpg 510w\" sizes=\"(max-width: 978px) 100vw, 978px\" \/>\t\t\t\t\t\t\n\t\t\t\t\t<\/div>\n\t\t\t\t\t\t<\/a>\t\t\n<style>\n#image_170567125 {\n  width: 100%;\n}\n<\/style>\n\t<\/div>\n\t\n\n\n\t\t<\/div>\n\t\t\t\t\t<\/div>\n\n\t\n\n\t<div id=\"col-1874454701\" class=\"col medium-3 small-6 large-3\"  >\n\t\t\t\t<div class=\"col-inner\"  >\n\t\t\t\n\t\t\t\n\n\t<div class=\"img has-hover x md-x lg-x y md-y lg-y\" id=\"image_1843627212\">\n\t\t<a class=\"image-lightbox lightbox-gallery\" title=\"\" href=\"https:\/\/dev.wisdomignite.pt\/itconsulting\/wp-content\/uploads\/2022\/04\/2.jpg\">\t\t\t\t\t\t<div class=\"img-inner dark\" >\n\t\t\t<img width=\"978\" height=\"740\" src=\"https:\/\/dev.wisdomignite.pt\/itconsulting\/wp-content\/uploads\/2022\/04\/2.jpg\" class=\"attachment-large size-large\" alt=\"\" loading=\"lazy\" srcset=\"https:\/\/dev.wisdomignite.pt\/itconsulting\/wp-content\/uploads\/2022\/04\/2.jpg 978w, https:\/\/dev.wisdomignite.pt\/itconsulting\/wp-content\/uploads\/2022\/04\/2-529x400.jpg 529w, https:\/\/dev.wisdomignite.pt\/itconsulting\/wp-content\/uploads\/2022\/04\/2-768x581.jpg 768w, https:\/\/dev.wisdomignite.pt\/itconsulting\/wp-content\/uploads\/2022\/04\/2-510x386.jpg 510w\" sizes=\"(max-width: 978px) 100vw, 978px\" \/>\t\t\t\t\t\t\n\t\t\t\t\t<\/div>\n\t\t\t\t\t\t<\/a>\t\t\n<style>\n#image_1843627212 {\n  width: 100%;\n}\n<\/style>\n\t<\/div>\n\t\n\n\n\t\t<\/div>\n\t\t\t\t\t<\/div>\n\n\t\n\n\t<div id=\"col-82659917\" class=\"col medium-3 small-6 large-3\"  >\n\t\t\t\t<div class=\"col-inner\"  >\n\t\t\t\n\t\t\t\n\n\t<div class=\"img has-hover x md-x lg-x y md-y lg-y\" id=\"image_1253917905\">\n\t\t<a class=\"image-lightbox lightbox-gallery\" title=\"\" href=\"https:\/\/dev.wisdomignite.pt\/itconsulting\/wp-content\/uploads\/2022\/04\/4.jpg\">\t\t\t\t\t\t<div class=\"img-inner dark\" >\n\t\t\t<img width=\"978\" height=\"740\" src=\"https:\/\/dev.wisdomignite.pt\/itconsulting\/wp-content\/uploads\/2022\/04\/4.jpg\" class=\"attachment-large size-large\" alt=\"\" loading=\"lazy\" srcset=\"https:\/\/dev.wisdomignite.pt\/itconsulting\/wp-content\/uploads\/2022\/04\/4.jpg 978w, https:\/\/dev.wisdomignite.pt\/itconsulting\/wp-content\/uploads\/2022\/04\/4-529x400.jpg 529w, https:\/\/dev.wisdomignite.pt\/itconsulting\/wp-content\/uploads\/2022\/04\/4-768x581.jpg 768w, https:\/\/dev.wisdomignite.pt\/itconsulting\/wp-content\/uploads\/2022\/04\/4-510x386.jpg 510w\" sizes=\"(max-width: 978px) 100vw, 978px\" \/>\t\t\t\t\t\t\n\t\t\t\t\t<\/div>\n\t\t\t\t\t\t<\/a>\t\t\n<style>\n#image_1253917905 {\n  width: 100%;\n}\n<\/style>\n\t<\/div>\n\t\n\n\n\t\t<\/div>\n\t\t\t\t\t<\/div>\n\n\t\n\n<\/div>\n\n\t\t<\/div>\n\n\t\t\n<style>\n#section_2097334575 {\n  padding-top: 30px;\n  padding-bottom: 30px;\n}\n#section_2097334575 .ux-shape-divider--top svg {\n  height: 150px;\n  --divider-top-width: 100%;\n}\n#section_2097334575 .ux-shape-divider--bottom svg {\n  height: 150px;\n  --divider-width: 100%;\n}\n<\/style>\n\t<\/section>\n\t\n\t<section class=\"section has-parallax\" id=\"section_758869827\">\n\t\t<div class=\"bg section-bg fill bg-fill  \" data-parallax-container=\".section\" data-parallax-background data-parallax=\"-4\">\n\n\t\t\t\n\t\t\t<div class=\"section-bg-overlay absolute fill\"><\/div>\n\t\t\t\n\t<div class=\"is-border\"\n\t\tstyle=\"border-color:rgb(235, 235, 235);border-width:1px 0px 0px 0px;\">\n\t<\/div>\n\n\t\t<\/div>\n\n\t\t\n\n\t\t<div class=\"section-content relative\">\n\t\t\t\n\n<div class=\"row row-large align-center\"  id=\"row-1355077428\">\n\n\n\t<div id=\"col-1182491500\" class=\"col medium-6 small-12 large-6\"  >\n\t\t\t\t<div class=\"col-inner box-shadow-2 box-shadow-5-hover\" style=\"background-color:rgb(255, 255, 255);\" >\n\t\t\t\n\t\t\t\n\n\t<div id=\"text-3643888218\" class=\"text\">\n\t\t\n\n<h3>Precisa de mais informa\u00e7\u00f5es?<\/h3>\n\t\t\n<style>\n#text-3643888218 {\n  text-align: center;\n}\n<\/style>\n\t<\/div>\n\t\n<div role=\"form\" class=\"wpcf7\" id=\"wpcf7-f32936-o1\" lang=\"pt-PT\" dir=\"ltr\">\n<div class=\"screen-reader-response\"><p role=\"status\" aria-live=\"polite\" aria-atomic=\"true\"><\/p> <ul><\/ul><\/div>\n<form action=\"\/itconsulting\/wp-json\/wp\/v2\/pages\/32908#wpcf7-f32936-o1\" method=\"post\" class=\"wpcf7-form init\" novalidate=\"novalidate\" data-status=\"init\">\n<div style=\"display: none;\">\n<input type=\"hidden\" name=\"_wpcf7\" value=\"32936\" \/>\n<input type=\"hidden\" name=\"_wpcf7_version\" value=\"5.5.6.1\" \/>\n<input type=\"hidden\" name=\"_wpcf7_locale\" value=\"pt_PT\" \/>\n<input type=\"hidden\" name=\"_wpcf7_unit_tag\" value=\"wpcf7-f32936-o1\" \/>\n<input type=\"hidden\" name=\"_wpcf7_container_post\" value=\"0\" \/>\n<input type=\"hidden\" name=\"_wpcf7_posted_data_hash\" value=\"\" \/>\n<\/div>\n<p><label> Nome <span style=\"color: red\">*<\/span><br \/>\n    <span class=\"wpcf7-form-control-wrap nome\"><input type=\"text\" name=\"nome\" value=\"\" size=\"40\" class=\"wpcf7-form-control wpcf7-text wpcf7-validates-as-required\" aria-required=\"true\" aria-invalid=\"false\" \/><\/span> <\/label><\/p>\n<p><label> Email <span style=\"color: red\">*<\/span><br \/>\n    <span class=\"wpcf7-form-control-wrap email\"><input type=\"email\" name=\"email\" value=\"\" size=\"40\" class=\"wpcf7-form-control wpcf7-text wpcf7-email wpcf7-validates-as-required wpcf7-validates-as-email\" aria-required=\"true\" aria-invalid=\"false\" \/><\/span> <\/label><\/p>\n<p><label> N\u00ba Telem\u00f3vel <span style=\"color: red\">*<\/span><br \/>\n    <span class=\"wpcf7-form-control-wrap telemovel\"><input type=\"tel\" name=\"telemovel\" value=\"\" size=\"40\" class=\"wpcf7-form-control wpcf7-text wpcf7-tel wpcf7-validates-as-required wpcf7-validates-as-tel\" aria-required=\"true\" aria-invalid=\"false\" \/><\/span> <\/label><\/p>\n<p><label> Mensagem<br \/>\n    <span class=\"wpcf7-form-control-wrap mensagem\"><textarea name=\"mensagem\" cols=\"40\" rows=\"10\" class=\"wpcf7-form-control wpcf7-textarea\" aria-invalid=\"false\"><\/textarea><\/span> <\/label><\/p>\n<p><input type=\"submit\" value=\"Enviar\" class=\"wpcf7-form-control has-spinner wpcf7-submit\" \/><\/p>\n<div class=\"wpcf7-response-output\" aria-hidden=\"true\"><\/div><\/form><\/div>\n\n\n\t\t<\/div>\n\t\t\t\t\n<style>\n#col-1182491500 > .col-inner {\n  padding: 20px 20px 20px 20px;\n  border-radius: 10px;\n}\n<\/style>\n\t<\/div>\n\n\t\n\n\t<div id=\"col-265731332\" class=\"col medium-6 small-12 large-6\"  >\n\t\t\t\t<div class=\"col-inner text-center dark\"  >\n\t\t\t\n\t\t\t\n\n<h2>Contactos<\/h2>\n\n\t\t<div class=\"icon-box featured-box icon-box-left text-left\"  >\n\t\t\t\t\t<div class=\"icon-box-img\" style=\"width: 25px\">\n\t\t\t\t<div class=\"icon\">\n\t\t\t\t\t<div class=\"icon-inner\" style=\"color:rgb(255, 255, 255);\">\n\t\t\t\t\t\t<svg xmlns=\"http:\/\/www.w3.org\/2000\/svg\" viewBox=\"0 0 512 512\"><!--! Font Awesome Pro 6.0.0-alpha3 by @fontawesome - https:\/\/fontawesome.com License - https:\/\/fontawesome.com\/license (Commercial License) --><path d=\"M480.3 320.3L382.1 278.2c-21.41-9.281-46.64-3.109-61.2 14.95l-27.44 33.5c-44.78-25.75-82.29-63.25-108-107.1l33.55-27.48c17.91-14.62 24.09-39.7 15.02-61.05L191.7 31.53c-10.16-23.2-35.34-35.86-59.87-30.19l-91.25 21.06C16.7 27.86 0 48.83 0 73.39c0 241.9 196.7 438.6 438.6 438.6c24.56 0 45.53-16.69 50.1-40.53l21.06-91.34C516.4 355.5 503.6 330.3 480.3 320.3zM463.9 369.3l-21.09 91.41c-.4687 1.1-2.109 3.281-4.219 3.281c-215.4 0-390.6-175.2-390.6-390.6c0-2.094 1.297-3.734 3.344-4.203l91.34-21.08c.3125-.0781 .6406-.1094 .9531-.1094c1.734 0 3.359 1.047 4.047 2.609l42.14 98.33c.75 1.766 .25 3.828-1.25 5.062L139.8 193.1c-8.625 7.062-11.25 19.14-6.344 29.14c33.01 67.23 88.26 122.5 155.5 155.5c9.1 4.906 22.09 2.281 29.16-6.344l40.01-48.87c1.109-1.406 3.187-1.938 4.922-1.125l98.26 42.09C463.2 365.2 464.3 367.3 463.9 369.3z\"\/><\/svg>\t\t\t\t\t<\/div>\n\t\t\t\t<\/div>\n\t\t\t<\/div>\n\t\t\t\t<div class=\"icon-box-text last-reset\">\n\t\t\t\t\t\t\t\t\t\n\n<h3><a href=\"tel:+351224092114\">+351 22 409 21 14<\/a><\/h3>\n\n\t\t<\/div>\n\t<\/div>\n\t\n\t\n\t<div id=\"gap-1206257001\" class=\"gap-element clearfix\" style=\"display:block; height:auto;\">\n\t\t\n<style>\n#gap-1206257001 {\n  padding-top: 5px;\n}\n<\/style>\n\t<\/div>\n\t\n\n\n\t\t<div class=\"icon-box featured-box icon-box-left text-left\"  >\n\t\t\t\t\t<div class=\"icon-box-img\" style=\"width: 25px\">\n\t\t\t\t<div class=\"icon\">\n\t\t\t\t\t<div class=\"icon-inner\" style=\"color:rgb(255, 255, 255);\">\n\t\t\t\t\t\t<svg xmlns=\"http:\/\/www.w3.org\/2000\/svg\" viewBox=\"0 0 448 512\"><!--! Font Awesome Pro 6.0.0-alpha3 by @fontawesome - https:\/\/fontawesome.com License - https:\/\/fontawesome.com\/license (Commercial License) --><path d=\"M380.9 97.1C339 55.1 283.2 32 223.9 32c-122.4 0-222 99.6-222 222 0 39.1 10.2 77.3 29.6 111L0 480l117.7-30.9c32.4 17.7 68.9 27 106.1 27h.1c122.3 0 224.1-99.6 224.1-222 0-59.3-25.2-115-67.1-157zm-157 341.6c-33.2 0-65.7-8.9-94-25.7l-6.7-4-69.8 18.3L72 359.2l-4.4-7c-18.5-29.4-28.2-63.3-28.2-98.2 0-101.7 82.8-184.5 184.6-184.5 49.3 0 95.6 19.2 130.4 54.1 34.8 34.9 56.2 81.2 56.1 130.5 0 101.8-84.9 184.6-186.6 184.6zm101.2-138.2c-5.5-2.8-32.8-16.2-37.9-18-5.1-1.9-8.8-2.8-12.5 2.8-3.7 5.6-14.3 18-17.6 21.8-3.2 3.7-6.5 4.2-12 1.4-32.6-16.3-54-29.1-75.5-66-5.7-9.8 5.7-9.1 16.3-30.3 1.8-3.7.9-6.9-.5-9.7-1.4-2.8-12.5-30.1-17.1-41.2-4.5-10.8-9.1-9.3-12.5-9.5-3.2-.2-6.9-.2-10.6-.2-3.7 0-9.7 1.4-14.8 6.9-5.1 5.6-19.4 19-19.4 46.3 0 27.3 19.9 53.7 22.6 57.4 2.8 3.7 39.1 59.7 94.8 83.8 35.2 15.2 49 16.5 66.6 13.9 10.7-1.6 32.8-13.4 37.4-26.4 4.6-13 4.6-24.1 3.2-26.4-1.3-2.5-5-3.9-10.5-6.6z\"\/><\/svg>\t\t\t\t\t<\/div>\n\t\t\t\t<\/div>\n\t\t\t<\/div>\n\t\t\t\t<div class=\"icon-box-text last-reset\">\n\t\t\t\t\t\t\t\t\t\n\n<h3><a href=\"#\">+351 91 677 74 17<\/a><\/h3>\n\n\t\t<\/div>\n\t<\/div>\n\t\n\t\n\t<div id=\"gap-1048739088\" class=\"gap-element clearfix\" style=\"display:block; height:auto;\">\n\t\t\n<style>\n#gap-1048739088 {\n  padding-top: 5px;\n}\n<\/style>\n\t<\/div>\n\t\n\n\n\t\t<div class=\"icon-box featured-box icon-box-left text-left\"  >\n\t\t\t\t\t<div class=\"icon-box-img\" style=\"width: 25px\">\n\t\t\t\t<div class=\"icon\">\n\t\t\t\t\t<div class=\"icon-inner\" style=\"color:rgb(255, 255, 255);\">\n\t\t\t\t\t\t<svg xmlns=\"http:\/\/www.w3.org\/2000\/svg\" viewBox=\"0 0 512 512\"><!--! Font Awesome Pro 6.0.0-alpha3 by @fontawesome - https:\/\/fontawesome.com License - https:\/\/fontawesome.com\/license (Commercial License) --><path d=\"M448 64H64C28.65 64 0 92.65 0 128v256c0 35.35 28.65 64 64 64h384c35.35 0 64-28.65 64-64V128C512 92.65 483.3 64 448 64zM64 112h384c8.822 0 16 7.178 16 16v22.16l-166.8 138.1c-23.19 19.28-59.34 19.27-82.47 .0156L48 150.2V128C48 119.2 55.18 112 64 112zM448 400H64c-8.822 0-16-7.178-16-16V212.7l136.1 113.4C204.3 342.8 229.8 352 256 352s51.75-9.188 71.97-25.98L464 212.7V384C464 392.8 456.8 400 448 400z\"\/><\/svg>\t\t\t\t\t<\/div>\n\t\t\t\t<\/div>\n\t\t\t<\/div>\n\t\t\t\t<div class=\"icon-box-text last-reset\">\n\t\t\t\t\t\t\t\t\t\n\n<h3><a href=\"mailto:info@wisdomit.pt\">info@wisdomit.pt<\/a><\/h3>\n\n\t\t<\/div>\n\t<\/div>\n\t\n\t\n\n\t\t<\/div>\n\t\t\t\t\t<\/div>\n\n\t\n\n<\/div>\n\n\t\t<\/div>\n\n\t\t\n<style>\n#section_758869827 {\n  padding-top: 59px;\n  padding-bottom: 59px;\n  min-height: 300px;\n  background-color: rgb(240, 240, 240);\n}\n#section_758869827 .section-bg-overlay {\n  background-color: rgba(10, 33, 59, 0.7);\n}\n#section_758869827 .section-bg.bg-loaded {\n  background-image: url(https:\/\/dev.wisdomignite.pt\/itconsulting\/wp-content\/uploads\/2022\/03\/cta.jpg);\n}\n#section_758869827 .ux-shape-divider--top svg {\n  height: 150px;\n  --divider-top-width: 100%;\n}\n#section_758869827 .ux-shape-divider--bottom svg {\n  height: 150px;\n  --divider-width: 100%;\n}\n<\/style>\n\t<\/section>\n\t\n\n\n","protected":false},"excerpt":{"rendered":"","protected":false},"author":1,"featured_media":32047,"parent":32583,"menu_order":0,"comment_status":"closed","ping_status":"closed","template":"page-blank.php","meta":{"inline_featured_image":false},"_links":{"self":[{"href":"https:\/\/dev.wisdomignite.pt\/itconsulting\/wp-json\/wp\/v2\/pages\/32908"}],"collection":[{"href":"https:\/\/dev.wisdomignite.pt\/itconsulting\/wp-json\/wp\/v2\/pages"}],"about":[{"href":"https:\/\/dev.wisdomignite.pt\/itconsulting\/wp-json\/wp\/v2\/types\/page"}],"author":[{"embeddable":true,"href":"https:\/\/dev.wisdomignite.pt\/itconsulting\/wp-json\/wp\/v2\/users\/1"}],"replies":[{"embeddable":true,"href":"https:\/\/dev.wisdomignite.pt\/itconsulting\/wp-json\/wp\/v2\/comments?post=32908"}],"version-history":[{"count":14,"href":"https:\/\/dev.wisdomignite.pt\/itconsulting\/wp-json\/wp\/v2\/pages\/32908\/revisions"}],"predecessor-version":[{"id":32940,"href":"https:\/\/dev.wisdomignite.pt\/itconsulting\/wp-json\/wp\/v2\/pages\/32908\/revisions\/32940"}],"up":[{"embeddable":true,"href":"https:\/\/dev.wisdomignite.pt\/itconsulting\/wp-json\/wp\/v2\/pages\/32583"}],"wp:featuredmedia":[{"embeddable":true,"href":"https:\/\/dev.wisdomignite.pt\/itconsulting\/wp-json\/wp\/v2\/media\/32047"}],"wp:attachment":[{"href":"https:\/\/dev.wisdomignite.pt\/itconsulting\/wp-json\/wp\/v2\/media?parent=32908"}],"curies":[{"name":"wp","href":"https:\/\/api.w.org\/{rel}","templated":true}]}}