{"id":6058,"date":"2021-02-28T17:38:43","date_gmt":"2021-02-28T17:38:43","guid":{"rendered":"https:\/\/dev.wisdomignite.pt\/cortinas\/?post_type=product&#038;p=6058"},"modified":"2021-02-28T17:38:43","modified_gmt":"2021-02-28T17:38:43","slug":"lamina-cortador-45mm-nadel","status":"publish","type":"product","link":"https:\/\/dev.wisdomignite.pt\/cortinas\/produto\/lamina-cortador-45mm-nadel\/","title":{"rendered":"L\u00c2MINA CORTADOR 45MM NADEL"},"content":{"rendered":"<p>L\u00c2MINA PARA CORTADOR CIRCULAR 45MM NADEL, SERVE PARA SUBSTITUIR E CORTAR MATERIAL MAIS GROSSO.<\/p>\n<p>\u00c9 USADO PARA A DECORA\u00c7\u00c3O, VESTU\u00c1RIO E ARTESANATO.<\/p>\n<p>VENDIDA \u00c1 UNIDADE.<\/p>\n","protected":false},"excerpt":{"rendered":"<p>L\u00c2MINA PARA CORTADOR CIRCULAR 45MM NADEL, SERVE PARA SUBSTITUIR E CORTAR MATERIAL MAIS GROSSO.<\/p>\n<p>\u00c9 USADO PARA A DECORA\u00c7\u00c3O, VESTU\u00c1RIO E ARTESANATO.<\/p>\n<p>VENDIDA \u00c1 UNIDADE.<\/p>\n","protected":false},"featured_media":6059,"comment_status":"open","ping_status":"closed","template":"","meta":{"inline_featured_image":false},"product_cat":[134,60],"product_tag":[],"acf":[],"_links":{"self":[{"href":"https:\/\/dev.wisdomignite.pt\/cortinas\/wp-json\/wp\/v2\/product\/6058"}],"collection":[{"href":"https:\/\/dev.wisdomignite.pt\/cortinas\/wp-json\/wp\/v2\/product"}],"about":[{"href":"https:\/\/dev.wisdomignite.pt\/cortinas\/wp-json\/wp\/v2\/types\/product"}],"replies":[{"embeddable":true,"href":"https:\/\/dev.wisdomignite.pt\/cortinas\/wp-json\/wp\/v2\/comments?post=6058"}],"wp:featuredmedia":[{"embeddable":true,"href":"https:\/\/dev.wisdomignite.pt\/cortinas\/wp-json\/wp\/v2\/media\/6059"}],"wp:attachment":[{"href":"https:\/\/dev.wisdomignite.pt\/cortinas\/wp-json\/wp\/v2\/media?parent=6058"}],"wp:term":[{"taxonomy":"product_cat","embeddable":true,"href":"https:\/\/dev.wisdomignite.pt\/cortinas\/wp-json\/wp\/v2\/product_cat?post=6058"},{"taxonomy":"product_tag","embeddable":true,"href":"https:\/\/dev.wisdomignite.pt\/cortinas\/wp-json\/wp\/v2\/product_tag?post=6058"}],"curies":[{"name":"wp","href":"https:\/\/api.w.org\/{rel}","templated":true}]}}