{"id":5993,"date":"2021-02-28T16:56:36","date_gmt":"2021-02-28T16:56:36","guid":{"rendered":"https:\/\/dev.wisdomignite.pt\/cortinas\/?post_type=product&#038;p=5993"},"modified":"2021-02-28T16:56:36","modified_gmt":"2021-02-28T16:56:36","slug":"termo-adesivo-infantil-pequeno","status":"publish","type":"product","link":"https:\/\/dev.wisdomignite.pt\/cortinas\/produto\/termo-adesivo-infantil-pequeno\/","title":{"rendered":"TERMO ADESIVO INFANTIL PEQUENO"},"content":{"rendered":"<p>TERMO ADESIVO, SERVE PARA USO NA DECORA\u00c7\u00c3O, VESTU\u00c1RIO E ARTESANATO.<\/p>\n<p>REF:133389 &#8211; 25MM\/28MM<\/p>\n<p>REF:00020 &#8211; 45MM\/22MM (CAMISOLA)<\/p>\n<p>REF: 00020 &#8211; 35MM\/45MM (CESTO C\/ L\u00c3)<\/p>\n<p>REF: 00020 &#8211; 31MM\/34MM (1 NOVELO C\/ 2 AGULHAS)<\/p>\n<p>REF: 00020 &#8211; 27MM\/32MM ( 2 L\u00c3S C\/ 1 AGULHA)<\/p>\n<p>REF: 00797 &#8211; 40MM\/25MM<\/p>\n<p>REF: 1116 &#8211; 32MM\/18MM (CARRO LARANJA)<\/p>\n<p>REF: 1116 &#8211; 30MM\/20MM (CARRO AZUL)<\/p>\n<p>REF: 1116 &#8211; 30MM\/22MM ( MOTA AZUL)<\/p>\n<p>REF: 1116 &#8211; 30MM\/25MM ( COMBOIO LILAX)<\/p>\n<p>REF: 1116 &#8211; 30MM\/25MM (  MOTA ROSA)<\/p>\n<p>REF: 1116 &#8211; 32MM\/26MM (COMBOIO AZUL)<\/p>\n<p>VENDIDO \u00c1 UNIDADE<\/p>\n","protected":false},"excerpt":{"rendered":"<p>TERMO ADESIVO, SERVE PARA USO NA DECORA\u00c7\u00c3O, VESTU\u00c1RIO E ARTESANATO.<\/p>\n<p>REF:133389 &#8211; 25MM\/28MM<\/p>\n<p>REF:00020 &#8211; 45MM\/22MM (CAMISOLA)<\/p>\n<p>REF: 00020 &#8211; 35MM\/45MM (CESTO C\/ L\u00c3)<\/p>\n<p>REF: 00020 &#8211; 31MM\/34MM (1 NOVELO C\/ 2 AGULHAS)<\/p>\n<p>REF: 00020 &#8211; 27MM\/32MM ( 2 L\u00c3S C\/ 1 AGULHA)<\/p>\n<p>REF: 00797 &#8211; 40MM\/25MM<\/p>\n<p>REF: 1116 &#8211; 32MM\/18MM (CARRO LARANJA)<\/p>\n<p>REF: 1116 &#8211; 30MM\/20MM (CARRO AZUL)<\/p>\n<p>REF: 1116 &#8211; 30MM\/22MM ( MOTA AZUL)<\/p>\n<p>REF: 1116 &#8211; 30MM\/25MM ( COMBOIO LILAX)<\/p>\n<p>REF: 1116 &#8211; 30MM\/25MM (  MOTA ROSA)<\/p>\n<p>REF: 1116 &#8211; 32MM\/26MM (COMBOIO AZUL)<\/p>\n<p>VENDIDO \u00c1 UNIDADE<\/p>\n","protected":false},"featured_media":6011,"comment_status":"open","ping_status":"closed","template":"","meta":{"inline_featured_image":false},"product_cat":[60,406],"product_tag":[],"acf":[],"_links":{"self":[{"href":"https:\/\/dev.wisdomignite.pt\/cortinas\/wp-json\/wp\/v2\/product\/5993"}],"collection":[{"href":"https:\/\/dev.wisdomignite.pt\/cortinas\/wp-json\/wp\/v2\/product"}],"about":[{"href":"https:\/\/dev.wisdomignite.pt\/cortinas\/wp-json\/wp\/v2\/types\/product"}],"replies":[{"embeddable":true,"href":"https:\/\/dev.wisdomignite.pt\/cortinas\/wp-json\/wp\/v2\/comments?post=5993"}],"wp:featuredmedia":[{"embeddable":true,"href":"https:\/\/dev.wisdomignite.pt\/cortinas\/wp-json\/wp\/v2\/media\/6011"}],"wp:attachment":[{"href":"https:\/\/dev.wisdomignite.pt\/cortinas\/wp-json\/wp\/v2\/media?parent=5993"}],"wp:term":[{"taxonomy":"product_cat","embeddable":true,"href":"https:\/\/dev.wisdomignite.pt\/cortinas\/wp-json\/wp\/v2\/product_cat?post=5993"},{"taxonomy":"product_tag","embeddable":true,"href":"https:\/\/dev.wisdomignite.pt\/cortinas\/wp-json\/wp\/v2\/product_tag?post=5993"}],"curies":[{"name":"wp","href":"https:\/\/api.w.org\/{rel}","templated":true}]}}