{"id":5971,"date":"2021-02-28T16:13:47","date_gmt":"2021-02-28T16:13:47","guid":{"rendered":"https:\/\/dev.wisdomignite.pt\/cortinas\/?post_type=product&#038;p=5971"},"modified":"2021-02-28T16:13:47","modified_gmt":"2021-02-28T16:13:47","slug":"termo-adesivo-sport","status":"publish","type":"product","link":"https:\/\/dev.wisdomignite.pt\/cortinas\/produto\/termo-adesivo-sport\/","title":{"rendered":"TERMO ADESIVO SPORT"},"content":{"rendered":"<p>TERMO ADESIVO, SERVE PARA USO NA DECORA\u00c7\u00c3O, VESTU\u00c1RIO E ARTESANATO.<\/p>\n<p>REF: POLO TEAM 97MM\/40MM<\/p>\n<p>REF: 7652.A &#8211; 60MM\/46MM<\/p>\n<p>REF: 01159 SUPER FOOTBALL &#8211; DI\u00c2METRO 50MM<\/p>\n<p>REF: 01155 FIRT LINE &#8211; 100MM\/77MM<\/p>\n<p>REF: 219960 PRETO RUSSO\/ CINZA &#8211; 150MM\/111MM<\/p>\n<p>REF: 00469 &#8211; 37MM\/12MM<\/p>\n<p>REF:00291 &#8211; 50MM\/12MM<\/p>\n<p>VENDIDO \u00c1 UNIDADE<\/p>\n","protected":false},"excerpt":{"rendered":"<p>TERMO ADESIVO, SERVE PARA USO NA DECORA\u00c7\u00c3O, VESTU\u00c1RIO E ARTESANATO.<\/p>\n<p>REF: POLO TEAM 97MM\/40MM<\/p>\n<p>REF: 7652.A &#8211; 60MM\/46MM<\/p>\n<p>REF: 01159 SUPER FOOTBALL &#8211; DI\u00c2METRO 50MM<\/p>\n<p>REF: 01155 FIRT LINE &#8211; 100MM\/77MM<\/p>\n<p>REF: 219960 PRETO RUSSO\/ CINZA &#8211; 150MM\/111MM<\/p>\n<p>REF: 00469 &#8211; 37MM\/12MM<\/p>\n<p>REF:00291 &#8211; 50MM\/12MM<\/p>\n<p>VENDIDO \u00c1 UNIDADE<\/p>\n","protected":false},"featured_media":5972,"comment_status":"open","ping_status":"closed","template":"","meta":{"inline_featured_image":false},"product_cat":[60,406],"product_tag":[],"acf":[],"_links":{"self":[{"href":"https:\/\/dev.wisdomignite.pt\/cortinas\/wp-json\/wp\/v2\/product\/5971"}],"collection":[{"href":"https:\/\/dev.wisdomignite.pt\/cortinas\/wp-json\/wp\/v2\/product"}],"about":[{"href":"https:\/\/dev.wisdomignite.pt\/cortinas\/wp-json\/wp\/v2\/types\/product"}],"replies":[{"embeddable":true,"href":"https:\/\/dev.wisdomignite.pt\/cortinas\/wp-json\/wp\/v2\/comments?post=5971"}],"wp:featuredmedia":[{"embeddable":true,"href":"https:\/\/dev.wisdomignite.pt\/cortinas\/wp-json\/wp\/v2\/media\/5972"}],"wp:attachment":[{"href":"https:\/\/dev.wisdomignite.pt\/cortinas\/wp-json\/wp\/v2\/media?parent=5971"}],"wp:term":[{"taxonomy":"product_cat","embeddable":true,"href":"https:\/\/dev.wisdomignite.pt\/cortinas\/wp-json\/wp\/v2\/product_cat?post=5971"},{"taxonomy":"product_tag","embeddable":true,"href":"https:\/\/dev.wisdomignite.pt\/cortinas\/wp-json\/wp\/v2\/product_tag?post=5971"}],"curies":[{"name":"wp","href":"https:\/\/api.w.org\/{rel}","templated":true}]}}