{"id":5929,"date":"2021-02-28T15:39:14","date_gmt":"2021-02-28T15:39:14","guid":{"rendered":"https:\/\/dev.wisdomignite.pt\/cortinas\/?post_type=product&#038;p=5929"},"modified":"2021-10-18T20:51:19","modified_gmt":"2021-10-18T20:51:19","slug":"termo-adesivo-borboleta","status":"publish","type":"product","link":"https:\/\/dev.wisdomignite.pt\/cortinas\/produto\/termo-adesivo-borboleta\/","title":{"rendered":"TERMO ADESIVO BORBOLETA"},"content":{"rendered":"<p>TERMO ADESIVO, SERVE PARA USO NA DECORA\u00c7\u00c3O, VESTU\u00c1RIO E ARTESANATO.<\/p>\n<p>REF:0083 VERMELHO &#8211; 65MM\/50MM<\/p>\n<p>REF:0083 LILAX &#8211; 65MM\/50MM<\/p>\n<p>REF:00190 CINZA &#8211; 65MM\/50MM<\/p>\n<p>REF:1064 &#8211; 30MM\/20MM<\/p>\n<p>REF:00124 &#8211; 35MM\/25MM<\/p>\n<p>REF:01137 &#8211; 36MM\/30MM<\/p>\n<p>VENDIDO \u00c1 UNIDADE<\/p>\n","protected":false},"excerpt":{"rendered":"<p>TERMO ADESIVO, SERVE PARA USO NA DECORA\u00c7\u00c3O, VESTU\u00c1RIO E ARTESANATO.<\/p>\n<p>REF:0083 VERMELHO &#8211; 65MM\/50MM<\/p>\n<p>REF:0083 LILAX &#8211; 65MM\/50MM<\/p>\n<p>REF:00190 CINZA &#8211; 65MM\/50MM<\/p>\n<p>REF:1064 &#8211; 30MM\/20MM<\/p>\n<p>REF:00124 &#8211; 35MM\/25MM<\/p>\n<p>REF:01137 &#8211; 36MM\/30MM<\/p>\n<p>VENDIDO \u00c1 UNIDADE<\/p>\n","protected":false},"featured_media":5936,"comment_status":"open","ping_status":"closed","template":"","meta":{"inline_featured_image":false},"product_cat":[60,406],"product_tag":[],"acf":[],"_links":{"self":[{"href":"https:\/\/dev.wisdomignite.pt\/cortinas\/wp-json\/wp\/v2\/product\/5929"}],"collection":[{"href":"https:\/\/dev.wisdomignite.pt\/cortinas\/wp-json\/wp\/v2\/product"}],"about":[{"href":"https:\/\/dev.wisdomignite.pt\/cortinas\/wp-json\/wp\/v2\/types\/product"}],"replies":[{"embeddable":true,"href":"https:\/\/dev.wisdomignite.pt\/cortinas\/wp-json\/wp\/v2\/comments?post=5929"}],"wp:featuredmedia":[{"embeddable":true,"href":"https:\/\/dev.wisdomignite.pt\/cortinas\/wp-json\/wp\/v2\/media\/5936"}],"wp:attachment":[{"href":"https:\/\/dev.wisdomignite.pt\/cortinas\/wp-json\/wp\/v2\/media?parent=5929"}],"wp:term":[{"taxonomy":"product_cat","embeddable":true,"href":"https:\/\/dev.wisdomignite.pt\/cortinas\/wp-json\/wp\/v2\/product_cat?post=5929"},{"taxonomy":"product_tag","embeddable":true,"href":"https:\/\/dev.wisdomignite.pt\/cortinas\/wp-json\/wp\/v2\/product_tag?post=5929"}],"curies":[{"name":"wp","href":"https:\/\/api.w.org\/{rel}","templated":true}]}}