{"id":5896,"date":"2021-02-28T14:22:27","date_gmt":"2021-02-28T14:22:27","guid":{"rendered":"https:\/\/dev.wisdomignite.pt\/cortinas\/?post_type=product&#038;p=5896"},"modified":"2021-02-28T14:22:27","modified_gmt":"2021-02-28T14:22:27","slug":"termo-adesivo-bebe","status":"publish","type":"product","link":"https:\/\/dev.wisdomignite.pt\/cortinas\/produto\/termo-adesivo-bebe\/","title":{"rendered":"TERMO ADESIVO BEB\u00c9"},"content":{"rendered":"<p>TERMO ADESIVO SERVE PARA USO DECORA\u00c7\u00c3O, VESTU\u00c1RIO E ARTESANATO.<\/p>\n<p>REF:01120 ROSA 85MM\/100MM<\/p>\n<p>REF.01120 ROSSO 85MM\/100MM<\/p>\n<p>REF:01173 AVI\u00c3O ROSA 160MM\/140MM<\/p>\n<p>REF: 01132 GIRAFA ROSA 120MM\/180MM<\/p>\n<p>REF:01229 PELUXE AMARELO CANARIO 105MM\/160MM<\/p>\n<p>REF:92195 SAPATINHOS 90MM\/100MM<\/p>\n<p>VENDIDO \u00c1 UNIDADE.<\/p>\n","protected":false},"excerpt":{"rendered":"<p>TERMO ADESIVO SERVE PARA USO DECORA\u00c7\u00c3O, VESTU\u00c1RIO E ARTESANATO.<\/p>\n<p>REF:01120 ROSA 85MM\/100MM<\/p>\n<p>REF.01120 ROSSO 85MM\/100MM<\/p>\n<p>REF:01173 AVI\u00c3O ROSA 160MM\/140MM<\/p>\n<p>REF: 01132 GIRAFA ROSA 120MM\/180MM<\/p>\n<p>REF:01229 PELUXE AMARELO CANARIO 105MM\/160MM<\/p>\n<p>REF:92195 SAPATINHOS 90MM\/100MM<\/p>\n<p>VENDIDO \u00c1 UNIDADE.<\/p>\n","protected":false},"featured_media":5904,"comment_status":"open","ping_status":"closed","template":"","meta":{"inline_featured_image":false},"product_cat":[60,406],"product_tag":[],"acf":[],"_links":{"self":[{"href":"https:\/\/dev.wisdomignite.pt\/cortinas\/wp-json\/wp\/v2\/product\/5896"}],"collection":[{"href":"https:\/\/dev.wisdomignite.pt\/cortinas\/wp-json\/wp\/v2\/product"}],"about":[{"href":"https:\/\/dev.wisdomignite.pt\/cortinas\/wp-json\/wp\/v2\/types\/product"}],"replies":[{"embeddable":true,"href":"https:\/\/dev.wisdomignite.pt\/cortinas\/wp-json\/wp\/v2\/comments?post=5896"}],"wp:featuredmedia":[{"embeddable":true,"href":"https:\/\/dev.wisdomignite.pt\/cortinas\/wp-json\/wp\/v2\/media\/5904"}],"wp:attachment":[{"href":"https:\/\/dev.wisdomignite.pt\/cortinas\/wp-json\/wp\/v2\/media?parent=5896"}],"wp:term":[{"taxonomy":"product_cat","embeddable":true,"href":"https:\/\/dev.wisdomignite.pt\/cortinas\/wp-json\/wp\/v2\/product_cat?post=5896"},{"taxonomy":"product_tag","embeddable":true,"href":"https:\/\/dev.wisdomignite.pt\/cortinas\/wp-json\/wp\/v2\/product_tag?post=5896"}],"curies":[{"name":"wp","href":"https:\/\/api.w.org\/{rel}","templated":true}]}}