{"id":5851,"date":"2021-02-28T00:57:03","date_gmt":"2021-02-28T00:57:03","guid":{"rendered":"https:\/\/dev.wisdomignite.pt\/cortinas\/?post_type=product&#038;p=5851"},"modified":"2021-02-28T00:57:03","modified_gmt":"2021-02-28T00:57:03","slug":"termo-adesivos-nomes","status":"publish","type":"product","link":"https:\/\/dev.wisdomignite.pt\/cortinas\/produto\/termo-adesivos-nomes\/","title":{"rendered":"TERMO ADESIVOS &#8211; NOMES"},"content":{"rendered":"<p>&nbsp;<\/p>\n<p>TERMOADESIVO, SERVE PARA USO VESTU\u00c1RIO, DECORA\u00c7\u00c3O E ARESANATO.<\/p>\n<p>50MM \/ 16MM<\/p>\n<p>VENDIDO \u00c1 UNIDADE.<\/p>\n","protected":false},"excerpt":{"rendered":"<p>TERMOADESIVO, SERVE PARA USO VESTU\u00c1RIO, DECORA\u00c7\u00c3O E ARESANATO.<\/p>\n<p>50MM \/ 16MM<\/p>\n<p>VENDIDO \u00c1 UNIDADE.<\/p>\n","protected":false},"featured_media":5840,"comment_status":"open","ping_status":"closed","template":"","meta":{"inline_featured_image":false},"product_cat":[60,406],"product_tag":[],"acf":[],"_links":{"self":[{"href":"https:\/\/dev.wisdomignite.pt\/cortinas\/wp-json\/wp\/v2\/product\/5851"}],"collection":[{"href":"https:\/\/dev.wisdomignite.pt\/cortinas\/wp-json\/wp\/v2\/product"}],"about":[{"href":"https:\/\/dev.wisdomignite.pt\/cortinas\/wp-json\/wp\/v2\/types\/product"}],"replies":[{"embeddable":true,"href":"https:\/\/dev.wisdomignite.pt\/cortinas\/wp-json\/wp\/v2\/comments?post=5851"}],"wp:featuredmedia":[{"embeddable":true,"href":"https:\/\/dev.wisdomignite.pt\/cortinas\/wp-json\/wp\/v2\/media\/5840"}],"wp:attachment":[{"href":"https:\/\/dev.wisdomignite.pt\/cortinas\/wp-json\/wp\/v2\/media?parent=5851"}],"wp:term":[{"taxonomy":"product_cat","embeddable":true,"href":"https:\/\/dev.wisdomignite.pt\/cortinas\/wp-json\/wp\/v2\/product_cat?post=5851"},{"taxonomy":"product_tag","embeddable":true,"href":"https:\/\/dev.wisdomignite.pt\/cortinas\/wp-json\/wp\/v2\/product_tag?post=5851"}],"curies":[{"name":"wp","href":"https:\/\/api.w.org\/{rel}","templated":true}]}}