{"id":5821,"date":"2021-02-28T00:42:39","date_gmt":"2021-02-28T00:42:39","guid":{"rendered":"https:\/\/dev.wisdomignite.pt\/cortinas\/?post_type=product&#038;p=5821"},"modified":"2021-02-28T00:42:39","modified_gmt":"2021-02-28T00:42:39","slug":"termo-adesivos-varios","status":"publish","type":"product","link":"https:\/\/dev.wisdomignite.pt\/cortinas\/produto\/termo-adesivos-varios\/","title":{"rendered":"TERMO ADESIVOS V\u00c1RIOS"},"content":{"rendered":"<p>TERMOADESIVO, SERVE PARA USO VESTU\u00c1RIO, DECORA\u00c7\u00c3O E ARESANATO.<\/p>\n<p>VOU CHEGAR L\u00c1:95MM\/60MM<\/p>\n<p>TEIA ARANHA: DI\u00c2METRO 75MM<\/p>\n<p>POLICIA: 65MM\/75MM<\/p>\n<p>DISCO FEVER DI\u00c2METRO: 75MM<\/p>\n<p>PASTOR: 55MM\/55MM<\/p>\n<p>MUSTC DI\u00c2METRO: 80MM<\/p>\n<p>SAPATILHAS: 70MM\/75MM<\/p>\n<p>CARTOLA PORTO: 75MM\/55MM<\/p>\n<p>VENDIDO \u00c1 UNIDADE.<\/p>\n","protected":false},"excerpt":{"rendered":"<p>TERMOADESIVO, SERVE PARA USO VESTU\u00c1RIO, DECORA\u00c7\u00c3O E ARESANATO.<\/p>\n<p>VOU CHEGAR L\u00c1:95MM\/60MM<\/p>\n<p>TEIA ARANHA: DI\u00c2METRO 75MM<\/p>\n<p>POLICIA: 65MM\/75MM<\/p>\n<p>DISCO FEVER DI\u00c2METRO: 75MM<\/p>\n<p>PASTOR: 55MM\/55MM<\/p>\n<p>MUSTC DI\u00c2METRO: 80MM<\/p>\n<p>SAPATILHAS: 70MM\/75MM<\/p>\n<p>CARTOLA PORTO: 75MM\/55MM<\/p>\n<p>VENDIDO \u00c1 UNIDADE.<\/p>\n","protected":false},"featured_media":5826,"comment_status":"open","ping_status":"closed","template":"","meta":{"inline_featured_image":false},"product_cat":[60,406],"product_tag":[],"acf":[],"_links":{"self":[{"href":"https:\/\/dev.wisdomignite.pt\/cortinas\/wp-json\/wp\/v2\/product\/5821"}],"collection":[{"href":"https:\/\/dev.wisdomignite.pt\/cortinas\/wp-json\/wp\/v2\/product"}],"about":[{"href":"https:\/\/dev.wisdomignite.pt\/cortinas\/wp-json\/wp\/v2\/types\/product"}],"replies":[{"embeddable":true,"href":"https:\/\/dev.wisdomignite.pt\/cortinas\/wp-json\/wp\/v2\/comments?post=5821"}],"wp:featuredmedia":[{"embeddable":true,"href":"https:\/\/dev.wisdomignite.pt\/cortinas\/wp-json\/wp\/v2\/media\/5826"}],"wp:attachment":[{"href":"https:\/\/dev.wisdomignite.pt\/cortinas\/wp-json\/wp\/v2\/media?parent=5821"}],"wp:term":[{"taxonomy":"product_cat","embeddable":true,"href":"https:\/\/dev.wisdomignite.pt\/cortinas\/wp-json\/wp\/v2\/product_cat?post=5821"},{"taxonomy":"product_tag","embeddable":true,"href":"https:\/\/dev.wisdomignite.pt\/cortinas\/wp-json\/wp\/v2\/product_tag?post=5821"}],"curies":[{"name":"wp","href":"https:\/\/api.w.org\/{rel}","templated":true}]}}