{"id":5793,"date":"2021-02-27T23:42:41","date_gmt":"2021-02-27T23:42:41","guid":{"rendered":"https:\/\/dev.wisdomignite.pt\/cortinas\/?post_type=product&#038;p=5793"},"modified":"2021-02-27T23:53:40","modified_gmt":"2021-02-27T23:53:40","slug":"termo-adesivo-desporto","status":"publish","type":"product","link":"https:\/\/dev.wisdomignite.pt\/cortinas\/produto\/termo-adesivo-desporto\/","title":{"rendered":"TERMO ADESIVO DESPORTO"},"content":{"rendered":"<p>TERMO ADESIVO , \u00c9 USADO NA DECORA\u00c7\u00c3O, VESTU\u00c1RIO E ARTESANATO.<\/p>\n<p>SCP- 33MM \/ 35MM<\/p>\n<p>FCP- 36MM \/ 27MM<\/p>\n<p>SLB- 40MM \/ 40MM<\/p>\n<p>VENDIDO \u00c1 UNIDADE.<\/p>\n","protected":false},"excerpt":{"rendered":"<p>TERMO ADESIVO , \u00c9 USADO NA DECORA\u00c7\u00c3O, VESTU\u00c1RIO E ARTESANATO.<\/p>\n<p>SCP- 33MM \/ 35MM<\/p>\n<p>FCP- 36MM \/ 27MM<\/p>\n<p>SLB- 40MM \/ 40MM<\/p>\n","protected":false},"featured_media":5796,"comment_status":"open","ping_status":"closed","template":"","meta":{"inline_featured_image":false},"product_cat":[60,406],"product_tag":[],"acf":[],"_links":{"self":[{"href":"https:\/\/dev.wisdomignite.pt\/cortinas\/wp-json\/wp\/v2\/product\/5793"}],"collection":[{"href":"https:\/\/dev.wisdomignite.pt\/cortinas\/wp-json\/wp\/v2\/product"}],"about":[{"href":"https:\/\/dev.wisdomignite.pt\/cortinas\/wp-json\/wp\/v2\/types\/product"}],"replies":[{"embeddable":true,"href":"https:\/\/dev.wisdomignite.pt\/cortinas\/wp-json\/wp\/v2\/comments?post=5793"}],"wp:featuredmedia":[{"embeddable":true,"href":"https:\/\/dev.wisdomignite.pt\/cortinas\/wp-json\/wp\/v2\/media\/5796"}],"wp:attachment":[{"href":"https:\/\/dev.wisdomignite.pt\/cortinas\/wp-json\/wp\/v2\/media?parent=5793"}],"wp:term":[{"taxonomy":"product_cat","embeddable":true,"href":"https:\/\/dev.wisdomignite.pt\/cortinas\/wp-json\/wp\/v2\/product_cat?post=5793"},{"taxonomy":"product_tag","embeddable":true,"href":"https:\/\/dev.wisdomignite.pt\/cortinas\/wp-json\/wp\/v2\/product_tag?post=5793"}],"curies":[{"name":"wp","href":"https:\/\/api.w.org\/{rel}","templated":true}]}}