{"id":5680,"date":"2021-02-20T22:39:32","date_gmt":"2021-02-20T22:39:32","guid":{"rendered":"https:\/\/dev.wisdomignite.pt\/cortinas\/?post_type=product&#038;p=5680"},"modified":"2021-02-20T22:39:33","modified_gmt":"2021-02-20T22:39:33","slug":"botao-crianca-8mm","status":"publish","type":"product","link":"https:\/\/dev.wisdomignite.pt\/cortinas\/produto\/botao-crianca-8mm\/","title":{"rendered":"BOT\u00c3O CRIAN\u00c7A 8MM"},"content":{"rendered":"<p>BOT\u00c3O CRIAN\u00c7A 8MM, \u00c9 UM BOT\u00c3O B\u00c1SICO PARA USO DE VESTU\u00c1RIO EM ROUPA DE CRIAN\u00c7A.<\/p>\n<p>BOT\u00c3O CRIAN\u00c7A TAMB\u00c9M PODE SER UTILIZADO NA DECORA\u00c7\u00c3O E ARTESANATO.<\/p>\n<p>VENDIDO \u00c0 UNIDADE.<\/p>\n","protected":false},"excerpt":{"rendered":"<p>BOT\u00c3O CRIAN\u00c7A 8MM, \u00c9 UM BOT\u00c3O B\u00c1SICO PARA USO DE VESTU\u00c1RIO EM ROUPA DE CRIAN\u00c7A.<\/p>\n<p>BOT\u00c3O CRIAN\u00c7A TAMB\u00c9M PODE SER UTILIZADO NA DECORA\u00c7\u00c3O E ARTESANATO.<\/p>\n<p>VENDIDO \u00c0 UNIDADE.<\/p>\n","protected":false},"featured_media":5694,"comment_status":"open","ping_status":"closed","template":"","meta":{"inline_featured_image":false},"product_cat":[359,60],"product_tag":[],"acf":[],"_links":{"self":[{"href":"https:\/\/dev.wisdomignite.pt\/cortinas\/wp-json\/wp\/v2\/product\/5680"}],"collection":[{"href":"https:\/\/dev.wisdomignite.pt\/cortinas\/wp-json\/wp\/v2\/product"}],"about":[{"href":"https:\/\/dev.wisdomignite.pt\/cortinas\/wp-json\/wp\/v2\/types\/product"}],"replies":[{"embeddable":true,"href":"https:\/\/dev.wisdomignite.pt\/cortinas\/wp-json\/wp\/v2\/comments?post=5680"}],"wp:featuredmedia":[{"embeddable":true,"href":"https:\/\/dev.wisdomignite.pt\/cortinas\/wp-json\/wp\/v2\/media\/5694"}],"wp:attachment":[{"href":"https:\/\/dev.wisdomignite.pt\/cortinas\/wp-json\/wp\/v2\/media?parent=5680"}],"wp:term":[{"taxonomy":"product_cat","embeddable":true,"href":"https:\/\/dev.wisdomignite.pt\/cortinas\/wp-json\/wp\/v2\/product_cat?post=5680"},{"taxonomy":"product_tag","embeddable":true,"href":"https:\/\/dev.wisdomignite.pt\/cortinas\/wp-json\/wp\/v2\/product_tag?post=5680"}],"curies":[{"name":"wp","href":"https:\/\/api.w.org\/{rel}","templated":true}]}}