{"id":5677,"date":"2021-02-20T22:07:29","date_gmt":"2021-02-20T22:07:29","guid":{"rendered":"https:\/\/dev.wisdomignite.pt\/cortinas\/?post_type=product&#038;p=5677"},"modified":"2021-02-20T22:07:29","modified_gmt":"2021-02-20T22:07:29","slug":"fecho-carteira-iman-niquel","status":"publish","type":"product","link":"https:\/\/dev.wisdomignite.pt\/cortinas\/produto\/fecho-carteira-iman-niquel\/","title":{"rendered":"FECHO CARTEIRA \u00cdMAN NIQUEL"},"content":{"rendered":"<p>FECHO CARTEIRA \u00cdMAN NIQUEL, SERVE PARA USO EM CARTEIRAS MODO F\u00c1CIL DE INSTALAR.<\/p>\n<p>REF:1750\/20MM<\/p>\n<p>REF:1750\/15MM<\/p>\n<p>VENDIDO COM MACHO E F\u00caMEA POR UNIDADE.<\/p>\n","protected":false},"excerpt":{"rendered":"<p>FECHO CARTEIRA \u00cdMAN NIQUEL, SERVE PARA USO EM CARTEIRAS MODO F\u00c1CIL DE INSTALAR.<\/p>\n<p>REF:1750\/20MM<\/p>\n<p>REF:1750\/15MM<\/p>\n<p>VENDIDO COM MACHO E F\u00caMEA POR UNIDADE.<\/p>\n","protected":false},"featured_media":5674,"comment_status":"open","ping_status":"closed","template":"","meta":{"inline_featured_image":false},"product_cat":[359,60],"product_tag":[],"acf":[],"_links":{"self":[{"href":"https:\/\/dev.wisdomignite.pt\/cortinas\/wp-json\/wp\/v2\/product\/5677"}],"collection":[{"href":"https:\/\/dev.wisdomignite.pt\/cortinas\/wp-json\/wp\/v2\/product"}],"about":[{"href":"https:\/\/dev.wisdomignite.pt\/cortinas\/wp-json\/wp\/v2\/types\/product"}],"replies":[{"embeddable":true,"href":"https:\/\/dev.wisdomignite.pt\/cortinas\/wp-json\/wp\/v2\/comments?post=5677"}],"wp:featuredmedia":[{"embeddable":true,"href":"https:\/\/dev.wisdomignite.pt\/cortinas\/wp-json\/wp\/v2\/media\/5674"}],"wp:attachment":[{"href":"https:\/\/dev.wisdomignite.pt\/cortinas\/wp-json\/wp\/v2\/media?parent=5677"}],"wp:term":[{"taxonomy":"product_cat","embeddable":true,"href":"https:\/\/dev.wisdomignite.pt\/cortinas\/wp-json\/wp\/v2\/product_cat?post=5677"},{"taxonomy":"product_tag","embeddable":true,"href":"https:\/\/dev.wisdomignite.pt\/cortinas\/wp-json\/wp\/v2\/product_tag?post=5677"}],"curies":[{"name":"wp","href":"https:\/\/api.w.org\/{rel}","templated":true}]}}