{"id":5654,"date":"2021-02-20T21:28:59","date_gmt":"2021-02-20T21:28:59","guid":{"rendered":"https:\/\/dev.wisdomignite.pt\/cortinas\/?post_type=product&#038;p=5654"},"modified":"2021-02-20T21:28:59","modified_gmt":"2021-02-20T21:28:59","slug":"puxador-em-sigaria-com-fio-seda","status":"publish","type":"product","link":"https:\/\/dev.wisdomignite.pt\/cortinas\/produto\/puxador-em-sigaria-com-fio-seda\/","title":{"rendered":"PUXADOR EM SIGARIA COM FIO SEDA"},"content":{"rendered":"<p>PUXADOR EM SIGARIA COM FIO SEDA, SERVE PARA FAZER DE CHAVEIRO, APLICA\u00c7\u00c3O NO VESTU\u00c1RIO E UTILIZAR NO ARTESANATO.<\/p>\n<p>ALTURA TOTAL: 110MM<\/p>\n<p>VENDIDO COM BLISTER 2 UNIDADES.<\/p>\n","protected":false},"excerpt":{"rendered":"<p>PUXADOR EM SIGARIA COM FIO SEDA, SERVE PARA FAZER DE CHAVEIRO, APLICA\u00c7\u00c3O NO VESTU\u00c1RIO E UTILIZAR NO ARTESANATO.<\/p>\n<p>ALTURA TOTAL: 110MM<\/p>\n<p>VENDIDO COM BLISTER 2 UNIDADES.<\/p>\n","protected":false},"featured_media":5643,"comment_status":"open","ping_status":"closed","template":"","meta":{"inline_featured_image":false},"product_cat":[134,60],"product_tag":[],"acf":[],"_links":{"self":[{"href":"https:\/\/dev.wisdomignite.pt\/cortinas\/wp-json\/wp\/v2\/product\/5654"}],"collection":[{"href":"https:\/\/dev.wisdomignite.pt\/cortinas\/wp-json\/wp\/v2\/product"}],"about":[{"href":"https:\/\/dev.wisdomignite.pt\/cortinas\/wp-json\/wp\/v2\/types\/product"}],"replies":[{"embeddable":true,"href":"https:\/\/dev.wisdomignite.pt\/cortinas\/wp-json\/wp\/v2\/comments?post=5654"}],"wp:featuredmedia":[{"embeddable":true,"href":"https:\/\/dev.wisdomignite.pt\/cortinas\/wp-json\/wp\/v2\/media\/5643"}],"wp:attachment":[{"href":"https:\/\/dev.wisdomignite.pt\/cortinas\/wp-json\/wp\/v2\/media?parent=5654"}],"wp:term":[{"taxonomy":"product_cat","embeddable":true,"href":"https:\/\/dev.wisdomignite.pt\/cortinas\/wp-json\/wp\/v2\/product_cat?post=5654"},{"taxonomy":"product_tag","embeddable":true,"href":"https:\/\/dev.wisdomignite.pt\/cortinas\/wp-json\/wp\/v2\/product_tag?post=5654"}],"curies":[{"name":"wp","href":"https:\/\/api.w.org\/{rel}","templated":true}]}}