{"id":5588,"date":"2021-02-20T19:53:37","date_gmt":"2021-02-20T19:53:37","guid":{"rendered":"https:\/\/dev.wisdomignite.pt\/cortinas\/?post_type=product&#038;p=5588"},"modified":"2021-02-20T19:53:37","modified_gmt":"2021-02-20T19:53:37","slug":"botao-calca-jeans","status":"publish","type":"product","link":"https:\/\/dev.wisdomignite.pt\/cortinas\/produto\/botao-calca-jeans\/","title":{"rendered":"BOT\u00c3O CAL\u00c7A JEANS"},"content":{"rendered":"<p>BOT\u00c3O CAL\u00c7A JEANS, SERVE PARA APLICA\u00c7\u00c3O NAS CAL\u00c7AS JEANS.<\/p>\n<p>F\u00c1CIL COLOCA\u00c7\u00c3O<\/p>\n<p>VENDIDA A UNIDADE.<\/p>\n","protected":false},"excerpt":{"rendered":"<p>BOT\u00c3O CAL\u00c7A JEANS, SERVE PARA APLICA\u00c7\u00c3O NAS CAL\u00c7AS JEANS.<\/p>\n<p>F\u00c1CIL COLOCA\u00c7\u00c3O<\/p>\n<p>VENDIDA A UNIDADE.<\/p>\n","protected":false},"featured_media":5591,"comment_status":"open","ping_status":"closed","template":"","meta":{"inline_featured_image":false},"product_cat":[359,60],"product_tag":[],"acf":[],"_links":{"self":[{"href":"https:\/\/dev.wisdomignite.pt\/cortinas\/wp-json\/wp\/v2\/product\/5588"}],"collection":[{"href":"https:\/\/dev.wisdomignite.pt\/cortinas\/wp-json\/wp\/v2\/product"}],"about":[{"href":"https:\/\/dev.wisdomignite.pt\/cortinas\/wp-json\/wp\/v2\/types\/product"}],"replies":[{"embeddable":true,"href":"https:\/\/dev.wisdomignite.pt\/cortinas\/wp-json\/wp\/v2\/comments?post=5588"}],"wp:featuredmedia":[{"embeddable":true,"href":"https:\/\/dev.wisdomignite.pt\/cortinas\/wp-json\/wp\/v2\/media\/5591"}],"wp:attachment":[{"href":"https:\/\/dev.wisdomignite.pt\/cortinas\/wp-json\/wp\/v2\/media?parent=5588"}],"wp:term":[{"taxonomy":"product_cat","embeddable":true,"href":"https:\/\/dev.wisdomignite.pt\/cortinas\/wp-json\/wp\/v2\/product_cat?post=5588"},{"taxonomy":"product_tag","embeddable":true,"href":"https:\/\/dev.wisdomignite.pt\/cortinas\/wp-json\/wp\/v2\/product_tag?post=5588"}],"curies":[{"name":"wp","href":"https:\/\/api.w.org\/{rel}","templated":true}]}}