{"id":5573,"date":"2021-02-20T19:32:36","date_gmt":"2021-02-20T19:32:36","guid":{"rendered":"https:\/\/dev.wisdomignite.pt\/cortinas\/?post_type=product&#038;p=5573"},"modified":"2021-02-20T19:32:36","modified_gmt":"2021-02-20T19:32:36","slug":"botao-madreperola","status":"publish","type":"product","link":"https:\/\/dev.wisdomignite.pt\/cortinas\/produto\/botao-madreperola\/","title":{"rendered":"BOT\u00c3O MADREP\u00c9ROLA"},"content":{"rendered":"<p>BOT\u00c3O MADREP\u00c9ROLA, \u00c9 UTILIZADO NO VESTU\u00c1RIO, DECORA\u00c7\u00c3O E ARTESANATO.<\/p>\n<p>BOT\u00c3O MADREP\u00c9ROLA TEM TONS MISTURADOS CASTANHO COM CREME.<\/p>\n<p>BOT\u00c3O MADREP\u00c9ROLA MUITO ELEGANTE.<\/p>\n<p>VENDIDO \u00c1 UNIDADE.<\/p>\n","protected":false},"excerpt":{"rendered":"<p>BOT\u00c3O MADREP\u00c9ROLA, \u00c9 UTILIZADO NO VESTU\u00c1RIO, DECORA\u00c7\u00c3O E ARTESANATO.<\/p>\n<p>BOT\u00c3O MADREP\u00c9ROLA TEM TONS MISTURADOS CASTANHO COM CREME.<\/p>\n<p>BOT\u00c3O MADREP\u00c9ROLA MUITO ELEGANTE.<\/p>\n<p>VENDIDO \u00c1 UNIDADE.<\/p>\n","protected":false},"featured_media":5578,"comment_status":"open","ping_status":"closed","template":"","meta":{"inline_featured_image":false},"product_cat":[359,60],"product_tag":[],"acf":[],"_links":{"self":[{"href":"https:\/\/dev.wisdomignite.pt\/cortinas\/wp-json\/wp\/v2\/product\/5573"}],"collection":[{"href":"https:\/\/dev.wisdomignite.pt\/cortinas\/wp-json\/wp\/v2\/product"}],"about":[{"href":"https:\/\/dev.wisdomignite.pt\/cortinas\/wp-json\/wp\/v2\/types\/product"}],"replies":[{"embeddable":true,"href":"https:\/\/dev.wisdomignite.pt\/cortinas\/wp-json\/wp\/v2\/comments?post=5573"}],"wp:featuredmedia":[{"embeddable":true,"href":"https:\/\/dev.wisdomignite.pt\/cortinas\/wp-json\/wp\/v2\/media\/5578"}],"wp:attachment":[{"href":"https:\/\/dev.wisdomignite.pt\/cortinas\/wp-json\/wp\/v2\/media?parent=5573"}],"wp:term":[{"taxonomy":"product_cat","embeddable":true,"href":"https:\/\/dev.wisdomignite.pt\/cortinas\/wp-json\/wp\/v2\/product_cat?post=5573"},{"taxonomy":"product_tag","embeddable":true,"href":"https:\/\/dev.wisdomignite.pt\/cortinas\/wp-json\/wp\/v2\/product_tag?post=5573"}],"curies":[{"name":"wp","href":"https:\/\/api.w.org\/{rel}","templated":true}]}}