{"id":5552,"date":"2021-02-20T18:53:08","date_gmt":"2021-02-20T18:53:08","guid":{"rendered":"https:\/\/dev.wisdomignite.pt\/cortinas\/?post_type=product&#038;p=5552"},"modified":"2021-02-20T18:54:59","modified_gmt":"2021-02-20T18:54:59","slug":"alcas-para-sutia","status":"publish","type":"product","link":"https:\/\/dev.wisdomignite.pt\/cortinas\/produto\/alcas-para-sutia\/","title":{"rendered":"AL\u00c7AS PARA SUTI\u00c3"},"content":{"rendered":"<p>AL\u00c7AS PARA SUTI\u00c3, \u00c9 UTILIZADA NA ROUPA \u00cdNTIMA DAS SENHORAS.<\/p>\n<p>AL\u00c7AS PARA SUTI\u00c3, EMBALAGEM DE PAR.<\/p>\n<p>AL\u00c7AS PARA SUTI\u00c3 TEM DE AL\u00c7A 10MM.<\/p>\n<p>VENDIDA \u00c0 UNIDADE EMBALAGEM.<\/p>\n","protected":false},"excerpt":{"rendered":"<p>AL\u00c7AS PARA SUTI\u00c3, \u00c9 UTILIZADA NA ROUPA \u00cdNTIMA DAS SENHORAS.<\/p>\n<p>AL\u00c7AS PARA SUTI\u00c3, EMBALAGEM DE PAR.<\/p>\n<p>VENDIDA \u00c0 UNIDADE EMBALAGEM.<\/p>\n","protected":false},"featured_media":5561,"comment_status":"open","ping_status":"closed","template":"","meta":{"inline_featured_image":false},"product_cat":[60,369],"product_tag":[],"acf":[],"_links":{"self":[{"href":"https:\/\/dev.wisdomignite.pt\/cortinas\/wp-json\/wp\/v2\/product\/5552"}],"collection":[{"href":"https:\/\/dev.wisdomignite.pt\/cortinas\/wp-json\/wp\/v2\/product"}],"about":[{"href":"https:\/\/dev.wisdomignite.pt\/cortinas\/wp-json\/wp\/v2\/types\/product"}],"replies":[{"embeddable":true,"href":"https:\/\/dev.wisdomignite.pt\/cortinas\/wp-json\/wp\/v2\/comments?post=5552"}],"wp:featuredmedia":[{"embeddable":true,"href":"https:\/\/dev.wisdomignite.pt\/cortinas\/wp-json\/wp\/v2\/media\/5561"}],"wp:attachment":[{"href":"https:\/\/dev.wisdomignite.pt\/cortinas\/wp-json\/wp\/v2\/media?parent=5552"}],"wp:term":[{"taxonomy":"product_cat","embeddable":true,"href":"https:\/\/dev.wisdomignite.pt\/cortinas\/wp-json\/wp\/v2\/product_cat?post=5552"},{"taxonomy":"product_tag","embeddable":true,"href":"https:\/\/dev.wisdomignite.pt\/cortinas\/wp-json\/wp\/v2\/product_tag?post=5552"}],"curies":[{"name":"wp","href":"https:\/\/api.w.org\/{rel}","templated":true}]}}