{"id":5533,"date":"2021-02-20T18:30:39","date_gmt":"2021-02-20T18:30:39","guid":{"rendered":"https:\/\/dev.wisdomignite.pt\/cortinas\/?post_type=product&#038;p=5533"},"modified":"2021-02-20T18:30:40","modified_gmt":"2021-02-20T18:30:40","slug":"fecho-para-porta-moedas","status":"publish","type":"product","link":"https:\/\/dev.wisdomignite.pt\/cortinas\/produto\/fecho-para-porta-moedas\/","title":{"rendered":"FECHO PARA PORTA MO\u00c9DAS"},"content":{"rendered":"<p>FECHO PARA PORTA MO\u00c9DAS, \u00c9 UTILIZADO PARA A CONFEC\u00c7\u00c3O DOM\u00c9STICA E ARTESANATO.<\/p>\n<p>FECHO PARA PTA MO\u00c9DAS VENDIDO \u00c1 UNIDADE.<\/p>\n<p>REF: 90104.OU- LARG. 105MM<\/p>\n<p>REF: 90095.OU- LARG.135MM<\/p>\n<p>REF: 90095. PT- LARG.135MM<\/p>\n<p>REF: 90082.OU- LARG.130MM<\/p>\n<p>REF: 90081. PT- LARG.105MM<\/p>\n<p>REF: 9002.OU- LARG. 100MM<\/p>\n<p>REF: 90085.PT- LARG.100MM<\/p>\n<p>REF: 90125.OU- LARG. 085MM<\/p>\n<p>REF: 90081.OU- LARG. 100MM<\/p>\n<p>VENDIDA \u00c1 UNIDADE.<\/p>\n","protected":false},"excerpt":{"rendered":"<p>FECHO PARA PORTA MO\u00c9DAS, \u00c9 UTILIZADO PARA A CONFEC\u00c7\u00c3O DOM\u00c9STICA E ARTESANATO.<\/p>\n<p>FECHO PARA PTA MO\u00c9DAS VENDIDO \u00c1 UNIDADE.<\/p>\n<p>REF: 90104.OU- LARG. 105MM<\/p>\n<p>REF: 90095.OU- LARG.135MM<\/p>\n<p>REF: 90095. PT- LARG.135MM<\/p>\n<p>REF: 90082.OU- LARG.130MM<\/p>\n<p>REF: 90081. PT- LARG.105MM<\/p>\n<p>REF: 9002.OU- LARG. 100MM<\/p>\n<p>REF: 90085.PT- LARG.100MM<\/p>\n<p>REF: 90125.OU- LARG. 085MM<\/p>\n<p>REF: 90081.OU- LARG. 100MM<\/p>\n<p>VENDIDA \u00c1 UNIDADE.<\/p>\n","protected":false},"featured_media":5551,"comment_status":"open","ping_status":"closed","template":"","meta":{"inline_featured_image":false},"product_cat":[134,60],"product_tag":[],"acf":[],"_links":{"self":[{"href":"https:\/\/dev.wisdomignite.pt\/cortinas\/wp-json\/wp\/v2\/product\/5533"}],"collection":[{"href":"https:\/\/dev.wisdomignite.pt\/cortinas\/wp-json\/wp\/v2\/product"}],"about":[{"href":"https:\/\/dev.wisdomignite.pt\/cortinas\/wp-json\/wp\/v2\/types\/product"}],"replies":[{"embeddable":true,"href":"https:\/\/dev.wisdomignite.pt\/cortinas\/wp-json\/wp\/v2\/comments?post=5533"}],"wp:featuredmedia":[{"embeddable":true,"href":"https:\/\/dev.wisdomignite.pt\/cortinas\/wp-json\/wp\/v2\/media\/5551"}],"wp:attachment":[{"href":"https:\/\/dev.wisdomignite.pt\/cortinas\/wp-json\/wp\/v2\/media?parent=5533"}],"wp:term":[{"taxonomy":"product_cat","embeddable":true,"href":"https:\/\/dev.wisdomignite.pt\/cortinas\/wp-json\/wp\/v2\/product_cat?post=5533"},{"taxonomy":"product_tag","embeddable":true,"href":"https:\/\/dev.wisdomignite.pt\/cortinas\/wp-json\/wp\/v2\/product_tag?post=5533"}],"curies":[{"name":"wp","href":"https:\/\/api.w.org\/{rel}","templated":true}]}}