{"id":5514,"date":"2021-02-20T17:15:41","date_gmt":"2021-02-20T17:15:41","guid":{"rendered":"https:\/\/dev.wisdomignite.pt\/cortinas\/?post_type=product&#038;p=5514"},"modified":"2021-02-20T17:15:42","modified_gmt":"2021-02-20T17:15:42","slug":"giz-diamant","status":"publish","type":"product","link":"https:\/\/dev.wisdomignite.pt\/cortinas\/produto\/giz-diamant\/","title":{"rendered":"GIZ DIAMANT"},"content":{"rendered":"<p>GIZ DIAMANT, SERVE PARA RISCAR OS TECIDOS.<\/p>\n<p>GIZ DIAMANT \u00c9 UTILIZADO NOS TECIDOS DE VESTU\u00c1RIO, DECORA\u00c7\u00c3O E ARTESANATO.<\/p>\n<p>GIZ DIAMANT \u00c9 VENDIDO \u00c1 UNIDADE.<\/p>\n","protected":false},"excerpt":{"rendered":"<p>GIZ DIAMANT, SERVE PARA RISCAR OS TECIDOS.<\/p>\n<p>GIZ DIAMANT \u00c9 UTILIZADO NOS TECIDOS DE VESTU\u00c1RIO, DECORA\u00c7\u00c3O E ARTESANATO.<\/p>\n<p>GIZ DIAMANT \u00c9 VENDIDO \u00c1 UNIDADE.<\/p>\n","protected":false},"featured_media":5515,"comment_status":"open","ping_status":"closed","template":"","meta":{"inline_featured_image":false},"product_cat":[134,60],"product_tag":[],"acf":[],"_links":{"self":[{"href":"https:\/\/dev.wisdomignite.pt\/cortinas\/wp-json\/wp\/v2\/product\/5514"}],"collection":[{"href":"https:\/\/dev.wisdomignite.pt\/cortinas\/wp-json\/wp\/v2\/product"}],"about":[{"href":"https:\/\/dev.wisdomignite.pt\/cortinas\/wp-json\/wp\/v2\/types\/product"}],"replies":[{"embeddable":true,"href":"https:\/\/dev.wisdomignite.pt\/cortinas\/wp-json\/wp\/v2\/comments?post=5514"}],"wp:featuredmedia":[{"embeddable":true,"href":"https:\/\/dev.wisdomignite.pt\/cortinas\/wp-json\/wp\/v2\/media\/5515"}],"wp:attachment":[{"href":"https:\/\/dev.wisdomignite.pt\/cortinas\/wp-json\/wp\/v2\/media?parent=5514"}],"wp:term":[{"taxonomy":"product_cat","embeddable":true,"href":"https:\/\/dev.wisdomignite.pt\/cortinas\/wp-json\/wp\/v2\/product_cat?post=5514"},{"taxonomy":"product_tag","embeddable":true,"href":"https:\/\/dev.wisdomignite.pt\/cortinas\/wp-json\/wp\/v2\/product_tag?post=5514"}],"curies":[{"name":"wp","href":"https:\/\/api.w.org\/{rel}","templated":true}]}}