{"id":5487,"date":"2021-02-19T17:44:44","date_gmt":"2021-02-19T17:44:44","guid":{"rendered":"https:\/\/dev.wisdomignite.pt\/cortinas\/?post_type=product&#038;p=5487"},"modified":"2021-02-19T17:44:45","modified_gmt":"2021-02-19T17:44:45","slug":"renda-algodao-bico-entremeio","status":"publish","type":"product","link":"https:\/\/dev.wisdomignite.pt\/cortinas\/produto\/renda-algodao-bico-entremeio\/","title":{"rendered":"RENDA ALGOD\u00c3O BICO\/ ENTREMEIO"},"content":{"rendered":"<p>RENDA ALGOD\u00c3O BICO\/ ENTREMEIO, SERVE PARA A UTILIZA\u00c7\u00c3O NO VESTU\u00c1RIO, DECORA\u00c7\u00c3O E ARTESANATO.<\/p>\n<p>RE-303 COR BRANCO ENTREMEIO- 65MM<\/p>\n<p>R-303 COR BRANCO BICO- 65MM<\/p>\n<p>VENDIDO A METRO<\/p>\n","protected":false},"excerpt":{"rendered":"<p>RENDA ALGOD\u00c3O BICO\/ ENTREMEIO, SERVE PARA A UTILIZA\u00c7\u00c3O NO VESTU\u00c1RIO, DECORA\u00c7\u00c3O E ARTESANATO.<\/p>\n<p>RE-303 COR BRANCO ENTREMEIO- 65MM<\/p>\n<p>R-303 COR BRANCO BICO- 65MM<\/p>\n<p>VENDIDO A METRO<\/p>\n","protected":false},"featured_media":5488,"comment_status":"open","ping_status":"closed","template":"","meta":{"inline_featured_image":false},"product_cat":[211,60],"product_tag":[],"acf":[],"_links":{"self":[{"href":"https:\/\/dev.wisdomignite.pt\/cortinas\/wp-json\/wp\/v2\/product\/5487"}],"collection":[{"href":"https:\/\/dev.wisdomignite.pt\/cortinas\/wp-json\/wp\/v2\/product"}],"about":[{"href":"https:\/\/dev.wisdomignite.pt\/cortinas\/wp-json\/wp\/v2\/types\/product"}],"replies":[{"embeddable":true,"href":"https:\/\/dev.wisdomignite.pt\/cortinas\/wp-json\/wp\/v2\/comments?post=5487"}],"wp:featuredmedia":[{"embeddable":true,"href":"https:\/\/dev.wisdomignite.pt\/cortinas\/wp-json\/wp\/v2\/media\/5488"}],"wp:attachment":[{"href":"https:\/\/dev.wisdomignite.pt\/cortinas\/wp-json\/wp\/v2\/media?parent=5487"}],"wp:term":[{"taxonomy":"product_cat","embeddable":true,"href":"https:\/\/dev.wisdomignite.pt\/cortinas\/wp-json\/wp\/v2\/product_cat?post=5487"},{"taxonomy":"product_tag","embeddable":true,"href":"https:\/\/dev.wisdomignite.pt\/cortinas\/wp-json\/wp\/v2\/product_tag?post=5487"}],"curies":[{"name":"wp","href":"https:\/\/api.w.org\/{rel}","templated":true}]}}