{"id":5478,"date":"2021-02-19T17:21:27","date_gmt":"2021-02-19T17:21:27","guid":{"rendered":"https:\/\/dev.wisdomignite.pt\/cortinas\/?post_type=product&#038;p=5478"},"modified":"2021-02-19T17:21:28","modified_gmt":"2021-02-19T17:21:28","slug":"renda-algodao-rf-503-cor-cru","status":"publish","type":"product","link":"https:\/\/dev.wisdomignite.pt\/cortinas\/produto\/renda-algodao-rf-503-cor-cru\/","title":{"rendered":"RENDA ALGOD\u00c3O RF-503 COR CR\u00da"},"content":{"rendered":"<p>RENDA ALGOD\u00c3O RF-503 COR CR\u00da, SERVE PARA APLICA\u00c7\u00d5ES NO VESTU\u00c1RIO, DECORA\u00c7\u00c3O E ARTESANATO.<\/p>\n<p>RF-503 &#8212; 15MM<\/p>\n<p>VENDIDO A METRO.<\/p>\n","protected":false},"excerpt":{"rendered":"<p>RENDA ALGOD\u00c3O RF-503 COR CR\u00da, SERVE PARA APLICA\u00c7\u00d5ES NO VESTU\u00c1RIO, DECORA\u00c7\u00c3O E ARTESANATO.<\/p>\n<p>RF-503 &#8212; 15MM<\/p>\n<p>VENDIDO A METRO.<\/p>\n","protected":false},"featured_media":5473,"comment_status":"open","ping_status":"closed","template":"","meta":{"inline_featured_image":false},"product_cat":[211,60],"product_tag":[],"acf":[],"_links":{"self":[{"href":"https:\/\/dev.wisdomignite.pt\/cortinas\/wp-json\/wp\/v2\/product\/5478"}],"collection":[{"href":"https:\/\/dev.wisdomignite.pt\/cortinas\/wp-json\/wp\/v2\/product"}],"about":[{"href":"https:\/\/dev.wisdomignite.pt\/cortinas\/wp-json\/wp\/v2\/types\/product"}],"replies":[{"embeddable":true,"href":"https:\/\/dev.wisdomignite.pt\/cortinas\/wp-json\/wp\/v2\/comments?post=5478"}],"wp:featuredmedia":[{"embeddable":true,"href":"https:\/\/dev.wisdomignite.pt\/cortinas\/wp-json\/wp\/v2\/media\/5473"}],"wp:attachment":[{"href":"https:\/\/dev.wisdomignite.pt\/cortinas\/wp-json\/wp\/v2\/media?parent=5478"}],"wp:term":[{"taxonomy":"product_cat","embeddable":true,"href":"https:\/\/dev.wisdomignite.pt\/cortinas\/wp-json\/wp\/v2\/product_cat?post=5478"},{"taxonomy":"product_tag","embeddable":true,"href":"https:\/\/dev.wisdomignite.pt\/cortinas\/wp-json\/wp\/v2\/product_tag?post=5478"}],"curies":[{"name":"wp","href":"https:\/\/api.w.org\/{rel}","templated":true}]}}