{"id":5460,"date":"2021-02-19T14:43:10","date_gmt":"2021-02-19T14:43:10","guid":{"rendered":"https:\/\/dev.wisdomignite.pt\/cortinas\/?post_type=product&#038;p=5460"},"modified":"2021-02-19T14:43:11","modified_gmt":"2021-02-19T14:43:11","slug":"renda-poliester-com-brilho","status":"publish","type":"product","link":"https:\/\/dev.wisdomignite.pt\/cortinas\/produto\/renda-poliester-com-brilho\/","title":{"rendered":"RENDA POLIESTER COM BRILHO"},"content":{"rendered":"<p>RENDA POLIESTER COM BRILHO, SERVE PARA USO NO VESTU\u00c1RIO, DECORA\u00c7\u00c3O E ARTESANATO.<\/p>\n<p>REF: 131020 &#8211; 25MM<\/p>\n<p>REF: 131001 &#8211; 15MM<\/p>\n<p>VENDIDA A METRO.<\/p>\n","protected":false},"excerpt":{"rendered":"<p>RENDA POLIESTER COM BRILHO, SERVE PARA USO NO VESTU\u00c1RIO, DECORA\u00c7\u00c3O E ARTESANATO.<\/p>\n<p>REF: 131020 &#8211; 25MM<\/p>\n<p>REF: 131001 &#8211; 15MM<\/p>\n<p>VENDIDA A METRO.<\/p>\n","protected":false},"featured_media":5461,"comment_status":"open","ping_status":"closed","template":"","meta":{"inline_featured_image":false},"product_cat":[211,60],"product_tag":[],"acf":[],"_links":{"self":[{"href":"https:\/\/dev.wisdomignite.pt\/cortinas\/wp-json\/wp\/v2\/product\/5460"}],"collection":[{"href":"https:\/\/dev.wisdomignite.pt\/cortinas\/wp-json\/wp\/v2\/product"}],"about":[{"href":"https:\/\/dev.wisdomignite.pt\/cortinas\/wp-json\/wp\/v2\/types\/product"}],"replies":[{"embeddable":true,"href":"https:\/\/dev.wisdomignite.pt\/cortinas\/wp-json\/wp\/v2\/comments?post=5460"}],"wp:featuredmedia":[{"embeddable":true,"href":"https:\/\/dev.wisdomignite.pt\/cortinas\/wp-json\/wp\/v2\/media\/5461"}],"wp:attachment":[{"href":"https:\/\/dev.wisdomignite.pt\/cortinas\/wp-json\/wp\/v2\/media?parent=5460"}],"wp:term":[{"taxonomy":"product_cat","embeddable":true,"href":"https:\/\/dev.wisdomignite.pt\/cortinas\/wp-json\/wp\/v2\/product_cat?post=5460"},{"taxonomy":"product_tag","embeddable":true,"href":"https:\/\/dev.wisdomignite.pt\/cortinas\/wp-json\/wp\/v2\/product_tag?post=5460"}],"curies":[{"name":"wp","href":"https:\/\/api.w.org\/{rel}","templated":true}]}}