{"id":5420,"date":"2021-02-19T11:10:16","date_gmt":"2021-02-19T11:10:16","guid":{"rendered":"https:\/\/dev.wisdomignite.pt\/cortinas\/?post_type=product&#038;p=5420"},"modified":"2021-02-19T11:10:16","modified_gmt":"2021-02-19T11:10:16","slug":"renda-prata-velha-cobre-r200","status":"publish","type":"product","link":"https:\/\/dev.wisdomignite.pt\/cortinas\/produto\/renda-prata-velha-cobre-r200\/","title":{"rendered":"RENDA PRATA VELHA\/ COBRE R:200"},"content":{"rendered":"<p>RENDA PRATA VELHA\/COBRE 7MM REF: 200, SERVE PARA USO DE VESTU\u00c1RIO, DECORA\u00c7\u00c3O E ARTESANATO.<\/p>\n<p>VENDIDO A METRO.<\/p>\n","protected":false},"excerpt":{"rendered":"<p>RENDA PRATA VELHA\/COBRE 7MM REF: 200, SERVE PARA USO DE VESTU\u00c1RIO, DECORA\u00c7\u00c3O E ARTESANATO.<\/p>\n<p>VENDIDO A METRO.<\/p>\n","protected":false},"featured_media":5422,"comment_status":"open","ping_status":"closed","template":"","meta":{"inline_featured_image":false},"product_cat":[211,60],"product_tag":[],"acf":[],"_links":{"self":[{"href":"https:\/\/dev.wisdomignite.pt\/cortinas\/wp-json\/wp\/v2\/product\/5420"}],"collection":[{"href":"https:\/\/dev.wisdomignite.pt\/cortinas\/wp-json\/wp\/v2\/product"}],"about":[{"href":"https:\/\/dev.wisdomignite.pt\/cortinas\/wp-json\/wp\/v2\/types\/product"}],"replies":[{"embeddable":true,"href":"https:\/\/dev.wisdomignite.pt\/cortinas\/wp-json\/wp\/v2\/comments?post=5420"}],"wp:featuredmedia":[{"embeddable":true,"href":"https:\/\/dev.wisdomignite.pt\/cortinas\/wp-json\/wp\/v2\/media\/5422"}],"wp:attachment":[{"href":"https:\/\/dev.wisdomignite.pt\/cortinas\/wp-json\/wp\/v2\/media?parent=5420"}],"wp:term":[{"taxonomy":"product_cat","embeddable":true,"href":"https:\/\/dev.wisdomignite.pt\/cortinas\/wp-json\/wp\/v2\/product_cat?post=5420"},{"taxonomy":"product_tag","embeddable":true,"href":"https:\/\/dev.wisdomignite.pt\/cortinas\/wp-json\/wp\/v2\/product_tag?post=5420"}],"curies":[{"name":"wp","href":"https:\/\/api.w.org\/{rel}","templated":true}]}}