{"id":5396,"date":"2021-02-18T18:41:38","date_gmt":"2021-02-18T18:41:38","guid":{"rendered":"https:\/\/dev.wisdomignite.pt\/cortinas\/?post_type=product&#038;p=5396"},"modified":"2022-04-01T19:29:49","modified_gmt":"2022-04-01T18:29:49","slug":"dmc-mouline-special","status":"publish","type":"product","link":"https:\/\/dev.wisdomignite.pt\/cortinas\/produto\/dmc-mouline-special\/","title":{"rendered":"DMC-MEADAS-MOULIN\u00c9 SP\u00c9CIAL"},"content":{"rendered":"<p>DMC- MOULIN\u00c9 SP\u00c9CIAL, S\u00c3O MEADAS PARA BORDAR.<\/p>\n<p>CADA MEADA CONTEM 8MTS. DE FIO.<\/p>\n<p>VENDIDA A UNIDADE POR COR.<\/p>\n<p>INDICAR O C\u00d3DIGO DA COR PRETENDIDA NA NOTA DE ENCOMENDA<\/p>\n<p>&nbsp;<\/p>\n","protected":false},"excerpt":{"rendered":"<p>DMC- MOULIN\u00c9 SP\u00c9CIAL, S\u00c3O MEADAS PARA BORDAR.<\/p>\n<p>CADA MEADA CONTEM 8MTS. DE FIO.<\/p>\n<p>VENDIDA A UNIDADE POR COR.<\/p>\n<p>INDICAR O C\u00d3DIGO DA COR PRETENDIDA NA NOTA DE ENCOMENDA<\/p>\n","protected":false},"featured_media":5397,"comment_status":"open","ping_status":"closed","template":"","meta":{"inline_featured_image":false},"product_cat":[343,152,60],"product_tag":[],"acf":[],"_links":{"self":[{"href":"https:\/\/dev.wisdomignite.pt\/cortinas\/wp-json\/wp\/v2\/product\/5396"}],"collection":[{"href":"https:\/\/dev.wisdomignite.pt\/cortinas\/wp-json\/wp\/v2\/product"}],"about":[{"href":"https:\/\/dev.wisdomignite.pt\/cortinas\/wp-json\/wp\/v2\/types\/product"}],"replies":[{"embeddable":true,"href":"https:\/\/dev.wisdomignite.pt\/cortinas\/wp-json\/wp\/v2\/comments?post=5396"}],"wp:featuredmedia":[{"embeddable":true,"href":"https:\/\/dev.wisdomignite.pt\/cortinas\/wp-json\/wp\/v2\/media\/5397"}],"wp:attachment":[{"href":"https:\/\/dev.wisdomignite.pt\/cortinas\/wp-json\/wp\/v2\/media?parent=5396"}],"wp:term":[{"taxonomy":"product_cat","embeddable":true,"href":"https:\/\/dev.wisdomignite.pt\/cortinas\/wp-json\/wp\/v2\/product_cat?post=5396"},{"taxonomy":"product_tag","embeddable":true,"href":"https:\/\/dev.wisdomignite.pt\/cortinas\/wp-json\/wp\/v2\/product_tag?post=5396"}],"curies":[{"name":"wp","href":"https:\/\/api.w.org\/{rel}","templated":true}]}}