{"id":5325,"date":"2021-02-18T11:11:30","date_gmt":"2021-02-18T11:11:30","guid":{"rendered":"https:\/\/dev.wisdomignite.pt\/cortinas\/?post_type=product&#038;p=5325"},"modified":"2021-02-18T11:11:31","modified_gmt":"2021-02-18T11:11:31","slug":"fita-vies-natal-6nl-18","status":"publish","type":"product","link":"https:\/\/dev.wisdomignite.pt\/cortinas\/produto\/fita-vies-natal-6nl-18\/","title":{"rendered":"FITA VI\u00c9S NATAL 6NL\/18"},"content":{"rendered":"<p>FITA VI\u00c9S NATAL 6NL\/18MM, \u00c9 UTILIZADO PARA DECORA\u00c7\u00c3O E ARTESANATO.<\/p>\n<p>VENDIDO A METRO.<\/p>\n","protected":false},"excerpt":{"rendered":"<p>FITA VI\u00c9S NATAL 6NL\/18MM, \u00c9 UTILIZADO PARA DECORA\u00c7\u00c3O E ARTESANATO.<\/p>\n<p>VENDIDO A METRO.<\/p>\n","protected":false},"featured_media":5326,"comment_status":"open","ping_status":"closed","template":"","meta":{"inline_featured_image":false},"product_cat":[213,60],"product_tag":[],"acf":[],"_links":{"self":[{"href":"https:\/\/dev.wisdomignite.pt\/cortinas\/wp-json\/wp\/v2\/product\/5325"}],"collection":[{"href":"https:\/\/dev.wisdomignite.pt\/cortinas\/wp-json\/wp\/v2\/product"}],"about":[{"href":"https:\/\/dev.wisdomignite.pt\/cortinas\/wp-json\/wp\/v2\/types\/product"}],"replies":[{"embeddable":true,"href":"https:\/\/dev.wisdomignite.pt\/cortinas\/wp-json\/wp\/v2\/comments?post=5325"}],"wp:featuredmedia":[{"embeddable":true,"href":"https:\/\/dev.wisdomignite.pt\/cortinas\/wp-json\/wp\/v2\/media\/5326"}],"wp:attachment":[{"href":"https:\/\/dev.wisdomignite.pt\/cortinas\/wp-json\/wp\/v2\/media?parent=5325"}],"wp:term":[{"taxonomy":"product_cat","embeddable":true,"href":"https:\/\/dev.wisdomignite.pt\/cortinas\/wp-json\/wp\/v2\/product_cat?post=5325"},{"taxonomy":"product_tag","embeddable":true,"href":"https:\/\/dev.wisdomignite.pt\/cortinas\/wp-json\/wp\/v2\/product_tag?post=5325"}],"curies":[{"name":"wp","href":"https:\/\/api.w.org\/{rel}","templated":true}]}}