{"id":4503,"date":"2021-02-11T12:26:22","date_gmt":"2021-02-11T12:26:22","guid":{"rendered":"https:\/\/dev.wisdomignite.pt\/cortinas\/?post_type=product&#038;p=4503"},"modified":"2021-02-12T15:24:14","modified_gmt":"2021-02-12T15:24:14","slug":"fita-nastro-20mm","status":"publish","type":"product","link":"https:\/\/dev.wisdomignite.pt\/cortinas\/produto\/fita-nastro-20mm\/","title":{"rendered":"FITA COSTURA\/ GAL\u00c3O DE BAINHA 20MM"},"content":{"rendered":"<p>FITA NASTRO 20MM, SERVE PARA USO VESTU\u00c1RIO,DECORA\u00c7\u00c3O E ARTESANATO.<\/p>\n<p>FITA DE NASTRO SERVE ESPECIALMENTE PARA AUMENTO DAS CAL\u00c7AS.<\/p>\n<p>VENDIDO A METRO.<\/p>\n","protected":false},"excerpt":{"rendered":"<p>FITA NASTRO 20MM, SERVE PARA USO VESTU\u00c1RIO,DECORA\u00c7\u00c3O E ARTESANATO.<\/p>\n<p>FITA DE NASTRO SERVE ESPECIALMENTE PARA AUMENTO DAS CAL\u00c7AS.<\/p>\n<p>VENDIDO A METRO.<\/p>\n","protected":false},"featured_media":4923,"comment_status":"open","ping_status":"closed","template":"","meta":{"inline_featured_image":false},"product_cat":[336,60],"product_tag":[],"acf":[],"_links":{"self":[{"href":"https:\/\/dev.wisdomignite.pt\/cortinas\/wp-json\/wp\/v2\/product\/4503"}],"collection":[{"href":"https:\/\/dev.wisdomignite.pt\/cortinas\/wp-json\/wp\/v2\/product"}],"about":[{"href":"https:\/\/dev.wisdomignite.pt\/cortinas\/wp-json\/wp\/v2\/types\/product"}],"replies":[{"embeddable":true,"href":"https:\/\/dev.wisdomignite.pt\/cortinas\/wp-json\/wp\/v2\/comments?post=4503"}],"wp:featuredmedia":[{"embeddable":true,"href":"https:\/\/dev.wisdomignite.pt\/cortinas\/wp-json\/wp\/v2\/media\/4923"}],"wp:attachment":[{"href":"https:\/\/dev.wisdomignite.pt\/cortinas\/wp-json\/wp\/v2\/media?parent=4503"}],"wp:term":[{"taxonomy":"product_cat","embeddable":true,"href":"https:\/\/dev.wisdomignite.pt\/cortinas\/wp-json\/wp\/v2\/product_cat?post=4503"},{"taxonomy":"product_tag","embeddable":true,"href":"https:\/\/dev.wisdomignite.pt\/cortinas\/wp-json\/wp\/v2\/product_tag?post=4503"}],"curies":[{"name":"wp","href":"https:\/\/api.w.org\/{rel}","templated":true}]}}