{"id":4486,"date":"2021-02-11T10:58:45","date_gmt":"2021-02-11T10:58:45","guid":{"rendered":"https:\/\/dev.wisdomignite.pt\/cortinas\/?post_type=product&#038;p=4486"},"modified":"2021-02-12T15:14:25","modified_gmt":"2021-02-12T15:14:25","slug":"fita-vies-6a-30-2","status":"publish","type":"product","link":"https:\/\/dev.wisdomignite.pt\/cortinas\/produto\/fita-vies-6a-30-2\/","title":{"rendered":"FITA VI\u00c9S 6A\/30"},"content":{"rendered":"<p>FITA VI\u00c9S 6A\/30MM, SERVE PARA USO VESTU\u00c1RIO,DECORA\u00c7\u00c3O E ARTESANATO.<\/p>\n<p>VENDIDO A METRO.<\/p>\n","protected":false},"excerpt":{"rendered":"<p>FITA VI\u00c9S 6A\/30MM, SERVE PARA USO VESTU\u00c1RIO,DECORA\u00c7\u00c3O E ARTESANATO.<\/p>\n<p>VENDIDO A METRO.<\/p>\n","protected":false},"featured_media":4798,"comment_status":"open","ping_status":"closed","template":"","meta":{"inline_featured_image":false},"product_cat":[247,60],"product_tag":[],"acf":[],"_links":{"self":[{"href":"https:\/\/dev.wisdomignite.pt\/cortinas\/wp-json\/wp\/v2\/product\/4486"}],"collection":[{"href":"https:\/\/dev.wisdomignite.pt\/cortinas\/wp-json\/wp\/v2\/product"}],"about":[{"href":"https:\/\/dev.wisdomignite.pt\/cortinas\/wp-json\/wp\/v2\/types\/product"}],"replies":[{"embeddable":true,"href":"https:\/\/dev.wisdomignite.pt\/cortinas\/wp-json\/wp\/v2\/comments?post=4486"}],"wp:featuredmedia":[{"embeddable":true,"href":"https:\/\/dev.wisdomignite.pt\/cortinas\/wp-json\/wp\/v2\/media\/4798"}],"wp:attachment":[{"href":"https:\/\/dev.wisdomignite.pt\/cortinas\/wp-json\/wp\/v2\/media?parent=4486"}],"wp:term":[{"taxonomy":"product_cat","embeddable":true,"href":"https:\/\/dev.wisdomignite.pt\/cortinas\/wp-json\/wp\/v2\/product_cat?post=4486"},{"taxonomy":"product_tag","embeddable":true,"href":"https:\/\/dev.wisdomignite.pt\/cortinas\/wp-json\/wp\/v2\/product_tag?post=4486"}],"curies":[{"name":"wp","href":"https:\/\/api.w.org\/{rel}","templated":true}]}}