{"id":4287,"date":"2021-02-10T17:09:20","date_gmt":"2021-02-10T17:09:20","guid":{"rendered":"https:\/\/dev.wisdomignite.pt\/cortinas\/?post_type=product&#038;p=4287"},"modified":"2021-02-15T10:37:58","modified_gmt":"2021-02-15T10:37:58","slug":"fita-vies-6a-18-2","status":"publish","type":"product","link":"https:\/\/dev.wisdomignite.pt\/cortinas\/produto\/fita-vies-6a-18-2\/","title":{"rendered":"FITA VI\u00c9S 6A\/18"},"content":{"rendered":"<p>FITA VI\u00c9S 6A\/18MM, SERVE PARA USO VESTU\u00c1RIO,DECORA\u00c7\u00c3O E ARTESANATO.<\/p>\n<p>VENDIDO A METRO.<\/p>\n","protected":false},"excerpt":{"rendered":"<p>FITA VI\u00c9S 6A\/18MM, SERVE PARA USO VESTU\u00c1RIO,DECORA\u00c7\u00c3O E ARTESANATO.<\/p>\n<p>VENDIDO A METRO.<\/p>\n","protected":false},"featured_media":5077,"comment_status":"open","ping_status":"closed","template":"","meta":{"inline_featured_image":false},"product_cat":[247,60],"product_tag":[],"acf":[],"_links":{"self":[{"href":"https:\/\/dev.wisdomignite.pt\/cortinas\/wp-json\/wp\/v2\/product\/4287"}],"collection":[{"href":"https:\/\/dev.wisdomignite.pt\/cortinas\/wp-json\/wp\/v2\/product"}],"about":[{"href":"https:\/\/dev.wisdomignite.pt\/cortinas\/wp-json\/wp\/v2\/types\/product"}],"replies":[{"embeddable":true,"href":"https:\/\/dev.wisdomignite.pt\/cortinas\/wp-json\/wp\/v2\/comments?post=4287"}],"wp:featuredmedia":[{"embeddable":true,"href":"https:\/\/dev.wisdomignite.pt\/cortinas\/wp-json\/wp\/v2\/media\/5077"}],"wp:attachment":[{"href":"https:\/\/dev.wisdomignite.pt\/cortinas\/wp-json\/wp\/v2\/media?parent=4287"}],"wp:term":[{"taxonomy":"product_cat","embeddable":true,"href":"https:\/\/dev.wisdomignite.pt\/cortinas\/wp-json\/wp\/v2\/product_cat?post=4287"},{"taxonomy":"product_tag","embeddable":true,"href":"https:\/\/dev.wisdomignite.pt\/cortinas\/wp-json\/wp\/v2\/product_tag?post=4287"}],"curies":[{"name":"wp","href":"https:\/\/api.w.org\/{rel}","templated":true}]}}