{"id":4152,"date":"2021-02-09T15:47:42","date_gmt":"2021-02-09T15:47:42","guid":{"rendered":"https:\/\/dev.wisdomignite.pt\/cortinas\/?post_type=product&#038;p=4152"},"modified":"2021-02-15T14:46:55","modified_gmt":"2021-02-15T14:46:55","slug":"pompom-15mm","status":"publish","type":"product","link":"https:\/\/dev.wisdomignite.pt\/cortinas\/produto\/pompom-15mm\/","title":{"rendered":"POMPOM 15MM"},"content":{"rendered":"<p>POMPOM 15MM, SERVE PARA REMATES NA DECORA\u00c7\u00c3O, VESTU\u00c1RIO E ARTESANATO.<\/p>\n<p>VENDIDA A METRO.<\/p>\n","protected":false},"excerpt":{"rendered":"<p>POMPOM 15MM, SERVE PARA REMATES NA DECORA\u00c7\u00c3O, VESTU\u00c1RIO E ARTESANATO.<\/p>\n<p>VENDIDA A METRO.<\/p>\n","protected":false},"featured_media":5159,"comment_status":"open","ping_status":"closed","template":"","meta":{"inline_featured_image":false},"product_cat":[259,60],"product_tag":[],"acf":[],"_links":{"self":[{"href":"https:\/\/dev.wisdomignite.pt\/cortinas\/wp-json\/wp\/v2\/product\/4152"}],"collection":[{"href":"https:\/\/dev.wisdomignite.pt\/cortinas\/wp-json\/wp\/v2\/product"}],"about":[{"href":"https:\/\/dev.wisdomignite.pt\/cortinas\/wp-json\/wp\/v2\/types\/product"}],"replies":[{"embeddable":true,"href":"https:\/\/dev.wisdomignite.pt\/cortinas\/wp-json\/wp\/v2\/comments?post=4152"}],"wp:featuredmedia":[{"embeddable":true,"href":"https:\/\/dev.wisdomignite.pt\/cortinas\/wp-json\/wp\/v2\/media\/5159"}],"wp:attachment":[{"href":"https:\/\/dev.wisdomignite.pt\/cortinas\/wp-json\/wp\/v2\/media?parent=4152"}],"wp:term":[{"taxonomy":"product_cat","embeddable":true,"href":"https:\/\/dev.wisdomignite.pt\/cortinas\/wp-json\/wp\/v2\/product_cat?post=4152"},{"taxonomy":"product_tag","embeddable":true,"href":"https:\/\/dev.wisdomignite.pt\/cortinas\/wp-json\/wp\/v2\/product_tag?post=4152"}],"curies":[{"name":"wp","href":"https:\/\/api.w.org\/{rel}","templated":true}]}}