{"id":3761,"date":"2021-02-05T15:14:22","date_gmt":"2021-02-05T15:14:22","guid":{"rendered":"https:\/\/dev.wisdomignite.pt\/cortinas\/?post_type=product&#038;p=3761"},"modified":"2021-02-18T09:00:28","modified_gmt":"2021-02-18T09:00:28","slug":"renda-tule-bordado","status":"publish","type":"product","link":"https:\/\/dev.wisdomignite.pt\/cortinas\/produto\/renda-tule-bordado\/","title":{"rendered":"RENDA TULE BORDADO"},"content":{"rendered":"<p>RENDA TULE BORDADO, SERVE PARA APLICA\u00c7\u00c3O DE TRABALHOS ELEGANTES NA DECORA\u00c7\u00c3O, VESTU\u00c1RIO E ARTESANATO.<\/p>\n<p>T-112 COR 202&#8211;45MM<\/p>\n<p>T-988 COR BRANCO &#8211;27MM<\/p>\n<p>T-985 COR BRANCO&#8211;40MM<\/p>\n<p>T-115 COR 217&#8211;25MM<\/p>\n<p>T-100 COR&#8211;CREME<\/p>\n<p>VENDIDO A METRO.<\/p>\n","protected":false},"excerpt":{"rendered":"<p>RENDA TULE BORDADO, SERVE PARA APLICA\u00c7\u00c3O DE TRABALHOS ELEGANTES NA DECORA\u00c7\u00c3O, VESTU\u00c1RIO E ARTESANATO.<\/p>\n<p>T-112 COR 202&#8211;45MM<\/p>\n<p>T-988 COR BRANCO &#8211;27MM<\/p>\n<p>T-985 COR BRANCO&#8211;40MM<\/p>\n<p>T-115 COR 217&#8211;25MM<\/p>\n<p>T-100 COR&#8211;CREME<\/p>\n<p>VENDIDO A METRO.<\/p>\n","protected":false},"featured_media":5303,"comment_status":"open","ping_status":"closed","template":"","meta":{"inline_featured_image":false},"product_cat":[60,340],"product_tag":[],"acf":[],"_links":{"self":[{"href":"https:\/\/dev.wisdomignite.pt\/cortinas\/wp-json\/wp\/v2\/product\/3761"}],"collection":[{"href":"https:\/\/dev.wisdomignite.pt\/cortinas\/wp-json\/wp\/v2\/product"}],"about":[{"href":"https:\/\/dev.wisdomignite.pt\/cortinas\/wp-json\/wp\/v2\/types\/product"}],"replies":[{"embeddable":true,"href":"https:\/\/dev.wisdomignite.pt\/cortinas\/wp-json\/wp\/v2\/comments?post=3761"}],"wp:featuredmedia":[{"embeddable":true,"href":"https:\/\/dev.wisdomignite.pt\/cortinas\/wp-json\/wp\/v2\/media\/5303"}],"wp:attachment":[{"href":"https:\/\/dev.wisdomignite.pt\/cortinas\/wp-json\/wp\/v2\/media?parent=3761"}],"wp:term":[{"taxonomy":"product_cat","embeddable":true,"href":"https:\/\/dev.wisdomignite.pt\/cortinas\/wp-json\/wp\/v2\/product_cat?post=3761"},{"taxonomy":"product_tag","embeddable":true,"href":"https:\/\/dev.wisdomignite.pt\/cortinas\/wp-json\/wp\/v2\/product_tag?post=3761"}],"curies":[{"name":"wp","href":"https:\/\/api.w.org\/{rel}","templated":true}]}}