{"id":3711,"date":"2021-02-03T12:36:50","date_gmt":"2021-02-03T12:36:50","guid":{"rendered":"https:\/\/dev.wisdomignite.pt\/cortinas\/?post_type=product&#038;p=3711"},"modified":"2021-02-18T09:58:44","modified_gmt":"2021-02-18T09:58:44","slug":"renda-algodao-com-bicos","status":"publish","type":"product","link":"https:\/\/dev.wisdomignite.pt\/cortinas\/produto\/renda-algodao-com-bicos\/","title":{"rendered":"RENDA ALGOD\u00c3O COM BICOS"},"content":{"rendered":"<p>RENDA ALGOD\u00c3O COM BICOS, SERVE PARA FAZER APLICA\u00c7\u00d5ES NA DECORA\u00c7\u00c3O, VESTU\u00c1RIO E ARTESANATO.<\/p>\n<p>RENDA ALGOD\u00c3O COM BICOS TEM 20MM.<\/p>\n<p>RENDA ALGOD\u00c3O COM BICOS, VENDIDA A METRO.<\/p>\n","protected":false},"excerpt":{"rendered":"<p>RENDA ALGOD\u00c3O COM BICOS, SERVE PARA FAZER APLICA\u00c7\u00d5ES NA DECORA\u00c7\u00c3O, VESTU\u00c1RIO E ARTESANATO.<\/p>\n<p>RENDA ALGOD\u00c3O COM BICOS TEM 20MM.<\/p>\n<p>RENDA ALGOD\u00c3O COM BICOS, VENDIDA A METRO.<\/p>\n","protected":false},"featured_media":5311,"comment_status":"open","ping_status":"closed","template":"","meta":{"inline_featured_image":false},"product_cat":[211,60],"product_tag":[],"acf":[],"_links":{"self":[{"href":"https:\/\/dev.wisdomignite.pt\/cortinas\/wp-json\/wp\/v2\/product\/3711"}],"collection":[{"href":"https:\/\/dev.wisdomignite.pt\/cortinas\/wp-json\/wp\/v2\/product"}],"about":[{"href":"https:\/\/dev.wisdomignite.pt\/cortinas\/wp-json\/wp\/v2\/types\/product"}],"replies":[{"embeddable":true,"href":"https:\/\/dev.wisdomignite.pt\/cortinas\/wp-json\/wp\/v2\/comments?post=3711"}],"wp:featuredmedia":[{"embeddable":true,"href":"https:\/\/dev.wisdomignite.pt\/cortinas\/wp-json\/wp\/v2\/media\/5311"}],"wp:attachment":[{"href":"https:\/\/dev.wisdomignite.pt\/cortinas\/wp-json\/wp\/v2\/media?parent=3711"}],"wp:term":[{"taxonomy":"product_cat","embeddable":true,"href":"https:\/\/dev.wisdomignite.pt\/cortinas\/wp-json\/wp\/v2\/product_cat?post=3711"},{"taxonomy":"product_tag","embeddable":true,"href":"https:\/\/dev.wisdomignite.pt\/cortinas\/wp-json\/wp\/v2\/product_tag?post=3711"}],"curies":[{"name":"wp","href":"https:\/\/api.w.org\/{rel}","templated":true}]}}