{"id":3678,"date":"2021-02-03T10:41:10","date_gmt":"2021-02-03T10:41:10","guid":{"rendered":"https:\/\/dev.wisdomignite.pt\/cortinas\/?post_type=product&#038;p=3678"},"modified":"2021-02-15T18:25:53","modified_gmt":"2021-02-15T18:25:53","slug":"fitas-pink-baby","status":"publish","type":"product","link":"https:\/\/dev.wisdomignite.pt\/cortinas\/produto\/fitas-pink-baby\/","title":{"rendered":"FITAS PINK BABY"},"content":{"rendered":"<p>FITAS PINK BABY, S\u00c3O FITAS UTILIZADAS NA DECORA\u00c7\u00c3O, VESTU\u00c1RIO E ARTESANATO.<\/p>\n<p>FITAS PINK BABY COR 2 TEM 20 MM.<\/p>\n<p>FITAS PINK BABY COR 3 TEM 20 MM.<\/p>\n<p>FITAS PINK BABY COR 4 TEM 23 MM.<\/p>\n<p>FITAS PINK BABY COR 5 TEM 19 MM.<\/p>\n<p>FITAS VENDIDAS A METRO.<\/p>\n","protected":false},"excerpt":{"rendered":"<p>FITAS PINK BABY, S\u00c3O FITAS UTILIZADAS NA DECORA\u00c7\u00c3O, VESTU\u00c1RIO E ARTESANATO.<\/p>\n<p>&nbsp;<\/p>\n<p>FITAS PINK BABY COR 2 TEM 20 MM.<\/p>\n<p>FITAS PINK BABY COR 3 TEM 20 MM.<\/p>\n<p>FITAS PINK BABY COR 4 TEM 23 MM.<\/p>\n<p>FITAS PINK BABY COR 5 TEM 19 MM.<\/p>\n<p>FITAS VENDIDAS A METRO.<\/p>\n","protected":false},"featured_media":5251,"comment_status":"open","ping_status":"closed","template":"","meta":{"inline_featured_image":false},"product_cat":[151,60],"product_tag":[],"acf":[],"_links":{"self":[{"href":"https:\/\/dev.wisdomignite.pt\/cortinas\/wp-json\/wp\/v2\/product\/3678"}],"collection":[{"href":"https:\/\/dev.wisdomignite.pt\/cortinas\/wp-json\/wp\/v2\/product"}],"about":[{"href":"https:\/\/dev.wisdomignite.pt\/cortinas\/wp-json\/wp\/v2\/types\/product"}],"replies":[{"embeddable":true,"href":"https:\/\/dev.wisdomignite.pt\/cortinas\/wp-json\/wp\/v2\/comments?post=3678"}],"wp:featuredmedia":[{"embeddable":true,"href":"https:\/\/dev.wisdomignite.pt\/cortinas\/wp-json\/wp\/v2\/media\/5251"}],"wp:attachment":[{"href":"https:\/\/dev.wisdomignite.pt\/cortinas\/wp-json\/wp\/v2\/media?parent=3678"}],"wp:term":[{"taxonomy":"product_cat","embeddable":true,"href":"https:\/\/dev.wisdomignite.pt\/cortinas\/wp-json\/wp\/v2\/product_cat?post=3678"},{"taxonomy":"product_tag","embeddable":true,"href":"https:\/\/dev.wisdomignite.pt\/cortinas\/wp-json\/wp\/v2\/product_tag?post=3678"}],"curies":[{"name":"wp","href":"https:\/\/api.w.org\/{rel}","templated":true}]}}