{"id":3672,"date":"2021-02-03T10:30:04","date_gmt":"2021-02-03T10:30:04","guid":{"rendered":"https:\/\/dev.wisdomignite.pt\/cortinas\/?post_type=product&#038;p=3672"},"modified":"2021-02-15T18:29:34","modified_gmt":"2021-02-15T18:29:34","slug":"fitas-blue-baby","status":"publish","type":"product","link":"https:\/\/dev.wisdomignite.pt\/cortinas\/produto\/fitas-blue-baby\/","title":{"rendered":"FITAS BLUE BABY"},"content":{"rendered":"<p>FITAS BLUE BABY, S\u00c3O FITAS UTILIZADAS NA DECORA\u00c7\u00c3O, VESTU\u00c1RIO E ARTESANATO.<\/p>\n<p>FITAS BLUE BABY COR 1 TEM 15 MM.<\/p>\n<p>FITAS  BLUE BABY COR 2 TEM 16 MM.<\/p>\n<p>FITAS BLUE BABY COR 3 TEM 18 MM.<\/p>\n<p>FITAS BLUE BABY COR 4 TEM 23 MM.<\/p>\n<p>FITAS BLUE BABY COR 5 TEM 20 MM.<\/p>\n<p>FITAS VENDIDAS A METRO.<\/p>\n","protected":false},"excerpt":{"rendered":"<p>FITAS BLUE BABY, S\u00c3O FITAS UTILIZADAS NA DECORA\u00c7\u00c3O, VESTU\u00c1RIO E ARTESANATO.<\/p>\n<p>FITAS BLUE BABY COR 1 TEM 15 MM.<\/p>\n<p>FITAS  BLUE BABY COR 2 TEM 16 MM.<\/p>\n<p>FITAS BLUE BABY COR 3 TEM 18 MM.<\/p>\n<p>FITAS BLUE BABY COR 4 TEM 23 MM.<\/p>\n<p>FITAS BLUE BABY COR 5 TEM 20 MM.<\/p>\n<p>FITAS VENDIDAS A METRO.<\/p>\n","protected":false},"featured_media":5255,"comment_status":"open","ping_status":"closed","template":"","meta":{"inline_featured_image":false},"product_cat":[151,60],"product_tag":[],"acf":[],"_links":{"self":[{"href":"https:\/\/dev.wisdomignite.pt\/cortinas\/wp-json\/wp\/v2\/product\/3672"}],"collection":[{"href":"https:\/\/dev.wisdomignite.pt\/cortinas\/wp-json\/wp\/v2\/product"}],"about":[{"href":"https:\/\/dev.wisdomignite.pt\/cortinas\/wp-json\/wp\/v2\/types\/product"}],"replies":[{"embeddable":true,"href":"https:\/\/dev.wisdomignite.pt\/cortinas\/wp-json\/wp\/v2\/comments?post=3672"}],"wp:featuredmedia":[{"embeddable":true,"href":"https:\/\/dev.wisdomignite.pt\/cortinas\/wp-json\/wp\/v2\/media\/5255"}],"wp:attachment":[{"href":"https:\/\/dev.wisdomignite.pt\/cortinas\/wp-json\/wp\/v2\/media?parent=3672"}],"wp:term":[{"taxonomy":"product_cat","embeddable":true,"href":"https:\/\/dev.wisdomignite.pt\/cortinas\/wp-json\/wp\/v2\/product_cat?post=3672"},{"taxonomy":"product_tag","embeddable":true,"href":"https:\/\/dev.wisdomignite.pt\/cortinas\/wp-json\/wp\/v2\/product_tag?post=3672"}],"curies":[{"name":"wp","href":"https:\/\/api.w.org\/{rel}","templated":true}]}}