{"id":3668,"date":"2021-02-03T09:41:50","date_gmt":"2021-02-03T09:41:50","guid":{"rendered":"https:\/\/dev.wisdomignite.pt\/cortinas\/?post_type=product&#038;p=3668"},"modified":"2021-02-18T11:40:14","modified_gmt":"2021-02-18T11:40:14","slug":"fitas-coloridas-entremeio-100-algodao","status":"publish","type":"product","link":"https:\/\/dev.wisdomignite.pt\/cortinas\/produto\/fitas-coloridas-entremeio-100-algodao\/","title":{"rendered":"FITAS COLORIDAS ENTREMEIO 100% ALGOD\u00c3O"},"content":{"rendered":"<p>FITAS COLORIDAS, S\u00c3O FITAS ELEGANTES PARA QUALQUER TIPO DE VESTU\u00c1RIO.<\/p>\n<p>PODE SER APLICADA NA DECORA\u00c7\u00c3O ASSIM COMO ARTESANATO.<\/p>\n<p>FITA TEM 30 MM, VENDIDA A METRO.<\/p>\n","protected":false},"excerpt":{"rendered":"<p>FITAS COLORIDAS, S\u00c3O FITAS ELEGANTES PARA QUALQUER TIPO DE VESTU\u00c1RIO.<\/p>\n<p>PODE SER APLICADA NA DECORA\u00c7\u00c3O ASSIM COMO ARTESANATO.<\/p>\n<p>FITA TEM 30 MM, VENDIDA A METRO.<\/p>\n","protected":false},"featured_media":5347,"comment_status":"open","ping_status":"closed","template":"","meta":{"inline_featured_image":false},"product_cat":[151,60],"product_tag":[],"acf":[],"_links":{"self":[{"href":"https:\/\/dev.wisdomignite.pt\/cortinas\/wp-json\/wp\/v2\/product\/3668"}],"collection":[{"href":"https:\/\/dev.wisdomignite.pt\/cortinas\/wp-json\/wp\/v2\/product"}],"about":[{"href":"https:\/\/dev.wisdomignite.pt\/cortinas\/wp-json\/wp\/v2\/types\/product"}],"replies":[{"embeddable":true,"href":"https:\/\/dev.wisdomignite.pt\/cortinas\/wp-json\/wp\/v2\/comments?post=3668"}],"wp:featuredmedia":[{"embeddable":true,"href":"https:\/\/dev.wisdomignite.pt\/cortinas\/wp-json\/wp\/v2\/media\/5347"}],"wp:attachment":[{"href":"https:\/\/dev.wisdomignite.pt\/cortinas\/wp-json\/wp\/v2\/media?parent=3668"}],"wp:term":[{"taxonomy":"product_cat","embeddable":true,"href":"https:\/\/dev.wisdomignite.pt\/cortinas\/wp-json\/wp\/v2\/product_cat?post=3668"},{"taxonomy":"product_tag","embeddable":true,"href":"https:\/\/dev.wisdomignite.pt\/cortinas\/wp-json\/wp\/v2\/product_tag?post=3668"}],"curies":[{"name":"wp","href":"https:\/\/api.w.org\/{rel}","templated":true}]}}