{"id":3665,"date":"2021-02-03T09:35:13","date_gmt":"2021-02-03T09:35:13","guid":{"rendered":"https:\/\/dev.wisdomignite.pt\/cortinas\/?post_type=product&#038;p=3665"},"modified":"2021-02-18T11:42:22","modified_gmt":"2021-02-18T11:42:22","slug":"fitas-coloridas-remate-100-algodao","status":"publish","type":"product","link":"https:\/\/dev.wisdomignite.pt\/cortinas\/produto\/fitas-coloridas-remate-100-algodao\/","title":{"rendered":"FITAS COLORIDAS REMATE 100% ALGOD\u00c3O"},"content":{"rendered":"<p>FITAS COLORIDAS, S\u00c3O FITAS ELEGANTES PARA QUALQUER TIPO DE VESTU\u00c1RIO.<\/p>\n<p>PODE SER APLICADA NA DECORA\u00c7\u00c3O ASSIM COMO ARTESANATO.<\/p>\n<p>FITA TEM 50 MM, VENDIDA A METRO.<\/p>\n","protected":false},"excerpt":{"rendered":"<p>FITAS COLORIDAS, S\u00c3O FITAS ELEGANTES PARA QUALQUER TIPO DE VESTU\u00c1RIO.<\/p>\n<p>PODE SER APLICADA NA DECORA\u00c7\u00c3O ASSIM COMO ARTESANATO.<\/p>\n<p>FITA TEM 50 MM, VENDIDA A METRO.<\/p>\n","protected":false},"featured_media":5344,"comment_status":"open","ping_status":"closed","template":"","meta":{"inline_featured_image":false},"product_cat":[151,60],"product_tag":[],"acf":[],"_links":{"self":[{"href":"https:\/\/dev.wisdomignite.pt\/cortinas\/wp-json\/wp\/v2\/product\/3665"}],"collection":[{"href":"https:\/\/dev.wisdomignite.pt\/cortinas\/wp-json\/wp\/v2\/product"}],"about":[{"href":"https:\/\/dev.wisdomignite.pt\/cortinas\/wp-json\/wp\/v2\/types\/product"}],"replies":[{"embeddable":true,"href":"https:\/\/dev.wisdomignite.pt\/cortinas\/wp-json\/wp\/v2\/comments?post=3665"}],"wp:featuredmedia":[{"embeddable":true,"href":"https:\/\/dev.wisdomignite.pt\/cortinas\/wp-json\/wp\/v2\/media\/5344"}],"wp:attachment":[{"href":"https:\/\/dev.wisdomignite.pt\/cortinas\/wp-json\/wp\/v2\/media?parent=3665"}],"wp:term":[{"taxonomy":"product_cat","embeddable":true,"href":"https:\/\/dev.wisdomignite.pt\/cortinas\/wp-json\/wp\/v2\/product_cat?post=3665"},{"taxonomy":"product_tag","embeddable":true,"href":"https:\/\/dev.wisdomignite.pt\/cortinas\/wp-json\/wp\/v2\/product_tag?post=3665"}],"curies":[{"name":"wp","href":"https:\/\/api.w.org\/{rel}","templated":true}]}}