{"id":3658,"date":"2021-02-03T09:16:02","date_gmt":"2021-02-03T09:16:02","guid":{"rendered":"https:\/\/dev.wisdomignite.pt\/cortinas\/?post_type=product&#038;p=3658"},"modified":"2021-02-03T09:16:02","modified_gmt":"2021-02-03T09:16:02","slug":"fita-grega-viana-ouro-prata","status":"publish","type":"product","link":"https:\/\/dev.wisdomignite.pt\/cortinas\/produto\/fita-grega-viana-ouro-prata\/","title":{"rendered":"FITA GREGA VIANA OURO \/PRATA"},"content":{"rendered":"<p>FITA GREGA VIANA, FITA ELEGANTE PARA ACABAMENTOS DE VESTU\u00c1RIO, DECORA\u00c7\u00c3O DE NATAL E ARTESANATO.<\/p>\n<p>FITA DE 7 MM, VENDIDA A METRO.<\/p>\n","protected":false},"excerpt":{"rendered":"<p>FITA GREGA VIANA, FITA ELEGANTE PARA ACABAMENTOS DE VESTU\u00c1RIO, DECORA\u00c7\u00c3O DE NATAL E ARTESANATO.<\/p>\n<p>FITA DE 7 MM, VENDIDA A METRO.<\/p>\n","protected":false},"featured_media":3068,"comment_status":"open","ping_status":"closed","template":"","meta":{"inline_featured_image":false},"product_cat":[151,60],"product_tag":[],"acf":[],"_links":{"self":[{"href":"https:\/\/dev.wisdomignite.pt\/cortinas\/wp-json\/wp\/v2\/product\/3658"}],"collection":[{"href":"https:\/\/dev.wisdomignite.pt\/cortinas\/wp-json\/wp\/v2\/product"}],"about":[{"href":"https:\/\/dev.wisdomignite.pt\/cortinas\/wp-json\/wp\/v2\/types\/product"}],"replies":[{"embeddable":true,"href":"https:\/\/dev.wisdomignite.pt\/cortinas\/wp-json\/wp\/v2\/comments?post=3658"}],"wp:featuredmedia":[{"embeddable":true,"href":"https:\/\/dev.wisdomignite.pt\/cortinas\/wp-json\/wp\/v2\/media\/3068"}],"wp:attachment":[{"href":"https:\/\/dev.wisdomignite.pt\/cortinas\/wp-json\/wp\/v2\/media?parent=3658"}],"wp:term":[{"taxonomy":"product_cat","embeddable":true,"href":"https:\/\/dev.wisdomignite.pt\/cortinas\/wp-json\/wp\/v2\/product_cat?post=3658"},{"taxonomy":"product_tag","embeddable":true,"href":"https:\/\/dev.wisdomignite.pt\/cortinas\/wp-json\/wp\/v2\/product_tag?post=3658"}],"curies":[{"name":"wp","href":"https:\/\/api.w.org\/{rel}","templated":true}]}}