{"id":3553,"date":"2021-02-03T09:04:45","date_gmt":"2021-02-03T09:04:45","guid":{"rendered":"https:\/\/dev.wisdomignite.pt\/cortinas\/?post_type=product&#038;p=3553"},"modified":"2021-02-18T11:57:42","modified_gmt":"2021-02-18T11:57:42","slug":"cordao-3-cabos-sirgaria","status":"publish","type":"product","link":"https:\/\/dev.wisdomignite.pt\/cortinas\/produto\/cordao-3-cabos-sirgaria\/","title":{"rendered":"CORD\u00c3O 3 CABOS-SIRGARIA"},"content":{"rendered":"<p>CORD\u00c3O 3 CABOS EM SIRGARIA, SERVE PARA REMATES DE CONFE\u00c7\u00c3O.<\/p>\n<p>\u00c9 UTILIZADO PARA FLORISTAS, ARTESANATO E NA DECORA\u00c7\u00c3O.<\/p>\n<p>TEM COMO DI\u00c2METRO 6 MM.<\/p>\n<p>CORD\u00c3O VENDIDO A METRO.<\/p>\n","protected":false},"excerpt":{"rendered":"<p>CORD\u00c3O 3 CABOS EM SIRGARIA, SERVE PARA REMATES DE CONFE\u00c7\u00c3O.<\/p>\n<p>\u00c9 UTILIZADO PARA FLORISTAS, ARTESANATO E NA DECORA\u00c7\u00c3O.<\/p>\n<p>TEM COMO DI\u00c2METRO 6 MM.<\/p>\n<p>CORD\u00c3O VENDIDO A METRO.<\/p>\n","protected":false},"featured_media":5354,"comment_status":"open","ping_status":"closed","template":"","meta":{"inline_featured_image":false},"product_cat":[156,60],"product_tag":[],"acf":[],"_links":{"self":[{"href":"https:\/\/dev.wisdomignite.pt\/cortinas\/wp-json\/wp\/v2\/product\/3553"}],"collection":[{"href":"https:\/\/dev.wisdomignite.pt\/cortinas\/wp-json\/wp\/v2\/product"}],"about":[{"href":"https:\/\/dev.wisdomignite.pt\/cortinas\/wp-json\/wp\/v2\/types\/product"}],"replies":[{"embeddable":true,"href":"https:\/\/dev.wisdomignite.pt\/cortinas\/wp-json\/wp\/v2\/comments?post=3553"}],"wp:featuredmedia":[{"embeddable":true,"href":"https:\/\/dev.wisdomignite.pt\/cortinas\/wp-json\/wp\/v2\/media\/5354"}],"wp:attachment":[{"href":"https:\/\/dev.wisdomignite.pt\/cortinas\/wp-json\/wp\/v2\/media?parent=3553"}],"wp:term":[{"taxonomy":"product_cat","embeddable":true,"href":"https:\/\/dev.wisdomignite.pt\/cortinas\/wp-json\/wp\/v2\/product_cat?post=3553"},{"taxonomy":"product_tag","embeddable":true,"href":"https:\/\/dev.wisdomignite.pt\/cortinas\/wp-json\/wp\/v2\/product_tag?post=3553"}],"curies":[{"name":"wp","href":"https:\/\/api.w.org\/{rel}","templated":true}]}}