{"id":3550,"date":"2021-02-02T15:03:43","date_gmt":"2021-02-02T15:03:43","guid":{"rendered":"https:\/\/dev.wisdomignite.pt\/cortinas\/?post_type=product&#038;p=3550"},"modified":"2021-02-18T17:45:12","modified_gmt":"2021-02-18T17:45:12","slug":"cordao-vivo-ref-1700-ouro-prata","status":"publish","type":"product","link":"https:\/\/dev.wisdomignite.pt\/cortinas\/produto\/cordao-vivo-ref-1700-ouro-prata\/","title":{"rendered":"CORD\u00c3O VIVO REF. 1700 OURO\/ PRATA"},"content":{"rendered":"<p>CORD\u00c3O VIVO, SERVE PARA REMATES EM SERVI\u00c7OS DE DECORA\u00c7\u00c3O, VESTU\u00c1RIO E ARTESANATO.<\/p>\n<p>TEM COMO DI\u00c2METRO 3 MM DE CORD\u00c3O E 6 MM DE PESTANA PARA CONFEC\u00c7\u00c3O.<\/p>\n","protected":false},"excerpt":{"rendered":"<p>CORD\u00c3O VIVO, SERVE PARA REMATES EM SERVI\u00c7OS DE DECORA\u00c7\u00c3O, VESTU\u00c1RIO E ARTESANATO.<\/p>\n<p>TEM COMO DI\u00c2METRO 3 MM DE CORD\u00c3O E 6 MM DE PESTANA PARA CONFEC\u00c7\u00c3O.<\/p>\n","protected":false},"featured_media":5393,"comment_status":"open","ping_status":"closed","template":"","meta":{"inline_featured_image":false},"product_cat":[156,60],"product_tag":[],"acf":[],"_links":{"self":[{"href":"https:\/\/dev.wisdomignite.pt\/cortinas\/wp-json\/wp\/v2\/product\/3550"}],"collection":[{"href":"https:\/\/dev.wisdomignite.pt\/cortinas\/wp-json\/wp\/v2\/product"}],"about":[{"href":"https:\/\/dev.wisdomignite.pt\/cortinas\/wp-json\/wp\/v2\/types\/product"}],"replies":[{"embeddable":true,"href":"https:\/\/dev.wisdomignite.pt\/cortinas\/wp-json\/wp\/v2\/comments?post=3550"}],"wp:featuredmedia":[{"embeddable":true,"href":"https:\/\/dev.wisdomignite.pt\/cortinas\/wp-json\/wp\/v2\/media\/5393"}],"wp:attachment":[{"href":"https:\/\/dev.wisdomignite.pt\/cortinas\/wp-json\/wp\/v2\/media?parent=3550"}],"wp:term":[{"taxonomy":"product_cat","embeddable":true,"href":"https:\/\/dev.wisdomignite.pt\/cortinas\/wp-json\/wp\/v2\/product_cat?post=3550"},{"taxonomy":"product_tag","embeddable":true,"href":"https:\/\/dev.wisdomignite.pt\/cortinas\/wp-json\/wp\/v2\/product_tag?post=3550"}],"curies":[{"name":"wp","href":"https:\/\/api.w.org\/{rel}","templated":true}]}}