{"id":3546,"date":"2021-02-18T18:10:43","date_gmt":"2021-02-18T18:10:43","guid":{"rendered":"https:\/\/dev.wisdomignite.pt\/cortinas\/?post_type=product&#038;p=3546"},"modified":"2021-02-18T18:10:43","modified_gmt":"2021-02-18T18:10:43","slug":"fita-passefita-ref-210-t-picot","status":"publish","type":"product","link":"https:\/\/dev.wisdomignite.pt\/cortinas\/produto\/fita-passefita-ref-210-t-picot\/","title":{"rendered":"FITA PASSEFITA REF 210-T \/ PICOT"},"content":{"rendered":"<p>FITA PASSEFITA REF 210T PICOT, SERVE PARA VESTU\u00c1RIO, REMATES NA DECORA\u00c7\u00c3O E ARTESANATO.<\/p>\n<p>FITA COM ACABAMENTO EM RENDA TENDO PASSE FITA DE CETIM.<\/p>\n<p>FITA VENDIDA A METRO.<\/p>\n","protected":false},"excerpt":{"rendered":"<p>FITA PASSEFITA REF 210T PICOT, SERVE PARA VESTU\u00c1RIO, REMATES NA DECORA\u00c7\u00c3O E ARTESANATO.<\/p>\n<p>FITA COM ACABAMENTO EM RENDA TENDO PASSE FITA DE CETIM.<\/p>\n<p>FITA VENDIDA A METRO.<\/p>\n","protected":false},"featured_media":5394,"comment_status":"open","ping_status":"closed","template":"","meta":{"inline_featured_image":false},"product_cat":[151,60],"product_tag":[],"acf":[],"_links":{"self":[{"href":"https:\/\/dev.wisdomignite.pt\/cortinas\/wp-json\/wp\/v2\/product\/3546"}],"collection":[{"href":"https:\/\/dev.wisdomignite.pt\/cortinas\/wp-json\/wp\/v2\/product"}],"about":[{"href":"https:\/\/dev.wisdomignite.pt\/cortinas\/wp-json\/wp\/v2\/types\/product"}],"replies":[{"embeddable":true,"href":"https:\/\/dev.wisdomignite.pt\/cortinas\/wp-json\/wp\/v2\/comments?post=3546"}],"wp:featuredmedia":[{"embeddable":true,"href":"https:\/\/dev.wisdomignite.pt\/cortinas\/wp-json\/wp\/v2\/media\/5394"}],"wp:attachment":[{"href":"https:\/\/dev.wisdomignite.pt\/cortinas\/wp-json\/wp\/v2\/media?parent=3546"}],"wp:term":[{"taxonomy":"product_cat","embeddable":true,"href":"https:\/\/dev.wisdomignite.pt\/cortinas\/wp-json\/wp\/v2\/product_cat?post=3546"},{"taxonomy":"product_tag","embeddable":true,"href":"https:\/\/dev.wisdomignite.pt\/cortinas\/wp-json\/wp\/v2\/product_tag?post=3546"}],"curies":[{"name":"wp","href":"https:\/\/api.w.org\/{rel}","templated":true}]}}