{"id":3495,"date":"2021-02-01T07:33:03","date_gmt":"2021-02-01T07:33:03","guid":{"rendered":"https:\/\/dev.wisdomignite.pt\/cortinas\/?post_type=product&#038;p=3495"},"modified":"2021-02-01T07:33:03","modified_gmt":"2021-02-01T07:33:03","slug":"fita-grega-larga-cor-270","status":"publish","type":"product","link":"https:\/\/dev.wisdomignite.pt\/cortinas\/produto\/fita-grega-larga-cor-270\/","title":{"rendered":"FITA GREGA LARGA COR 270"},"content":{"rendered":"<p>FITA GREGA LARGA  COR 270, SERVE PARA USO DE VESTU\u00c1RIO, DECORA\u00c7\u00c3O E ARTESANATO.<\/p>\n<p>FITA SEM BRILHO, VENDIDA A METRO.<\/p>\n","protected":false},"excerpt":{"rendered":"<p>FITA GREGA LARGA  COR 270, SERVE PARA USO DE VESTU\u00c1RIO, DECORA\u00c7\u00c3O E ARTESANATO.<\/p>\n<p>FITA SEM BRILHO, VENDIDA A METRO.<\/p>\n","protected":false},"featured_media":3040,"comment_status":"open","ping_status":"closed","template":"","meta":{"inline_featured_image":false},"product_cat":[151,60],"product_tag":[],"acf":[],"_links":{"self":[{"href":"https:\/\/dev.wisdomignite.pt\/cortinas\/wp-json\/wp\/v2\/product\/3495"}],"collection":[{"href":"https:\/\/dev.wisdomignite.pt\/cortinas\/wp-json\/wp\/v2\/product"}],"about":[{"href":"https:\/\/dev.wisdomignite.pt\/cortinas\/wp-json\/wp\/v2\/types\/product"}],"replies":[{"embeddable":true,"href":"https:\/\/dev.wisdomignite.pt\/cortinas\/wp-json\/wp\/v2\/comments?post=3495"}],"wp:featuredmedia":[{"embeddable":true,"href":"https:\/\/dev.wisdomignite.pt\/cortinas\/wp-json\/wp\/v2\/media\/3040"}],"wp:attachment":[{"href":"https:\/\/dev.wisdomignite.pt\/cortinas\/wp-json\/wp\/v2\/media?parent=3495"}],"wp:term":[{"taxonomy":"product_cat","embeddable":true,"href":"https:\/\/dev.wisdomignite.pt\/cortinas\/wp-json\/wp\/v2\/product_cat?post=3495"},{"taxonomy":"product_tag","embeddable":true,"href":"https:\/\/dev.wisdomignite.pt\/cortinas\/wp-json\/wp\/v2\/product_tag?post=3495"}],"curies":[{"name":"wp","href":"https:\/\/api.w.org\/{rel}","templated":true}]}}