{"id":2807,"date":"2021-01-25T14:38:47","date_gmt":"2021-01-25T14:38:47","guid":{"rendered":"https:\/\/dev.wisdomignite.pt\/cortinas\/?post_type=product&#038;p=2807"},"modified":"2021-01-25T14:38:48","modified_gmt":"2021-01-25T14:38:48","slug":"kit-circular-para-tricotar-2","status":"publish","type":"product","link":"https:\/\/dev.wisdomignite.pt\/cortinas\/produto\/kit-circular-para-tricotar-2\/","title":{"rendered":"KIT CIRCULAR PARA TRICOTAR"},"content":{"rendered":"<p>KIT CIRCULAR PARA TRICOTAR , COMPOSTO POR DOIS KITS COM DI\u00c2METRO 13,75 E 18,75 .<\/p>\n<p>O KIT INCLUI AGULHA E INSTRU\u00c7\u00d5ES PARA CONFEC\u00c7\u00c3O.<\/p>\n<p>KIT ESPECIALIZADO PARA FAZER EM CASA CARAPU\u00c7OS DE CRIAN\u00c7A E B\u00c9B\u00c9.<\/p>\n","protected":false},"excerpt":{"rendered":"<p>KIT CIRCULAR PARA TRICOTAR , COMPOSTO POR DOIS KITS COM DI\u00c2METRO 13,75 E 18,75 .<\/p>\n<p>O KIT INCLUI AGULHA E INSTRU\u00c7\u00d5ES PARA CONFEC\u00c7\u00c3O.<\/p>\n<p>KIT ESPECIALIZADO PARA FAZER EM CASA CARAPU\u00c7OS DE CRIAN\u00c7A E B\u00c9B\u00c9.<\/p>\n","protected":false},"featured_media":2686,"comment_status":"open","ping_status":"closed","template":"","meta":{"inline_featured_image":false},"product_cat":[134,60],"product_tag":[],"acf":[],"_links":{"self":[{"href":"https:\/\/dev.wisdomignite.pt\/cortinas\/wp-json\/wp\/v2\/product\/2807"}],"collection":[{"href":"https:\/\/dev.wisdomignite.pt\/cortinas\/wp-json\/wp\/v2\/product"}],"about":[{"href":"https:\/\/dev.wisdomignite.pt\/cortinas\/wp-json\/wp\/v2\/types\/product"}],"replies":[{"embeddable":true,"href":"https:\/\/dev.wisdomignite.pt\/cortinas\/wp-json\/wp\/v2\/comments?post=2807"}],"wp:featuredmedia":[{"embeddable":true,"href":"https:\/\/dev.wisdomignite.pt\/cortinas\/wp-json\/wp\/v2\/media\/2686"}],"wp:attachment":[{"href":"https:\/\/dev.wisdomignite.pt\/cortinas\/wp-json\/wp\/v2\/media?parent=2807"}],"wp:term":[{"taxonomy":"product_cat","embeddable":true,"href":"https:\/\/dev.wisdomignite.pt\/cortinas\/wp-json\/wp\/v2\/product_cat?post=2807"},{"taxonomy":"product_tag","embeddable":true,"href":"https:\/\/dev.wisdomignite.pt\/cortinas\/wp-json\/wp\/v2\/product_tag?post=2807"}],"curies":[{"name":"wp","href":"https:\/\/api.w.org\/{rel}","templated":true}]}}