{"id":2653,"date":"2021-01-18T12:49:38","date_gmt":"2021-01-18T12:49:38","guid":{"rendered":"https:\/\/dev.wisdomignite.pt\/cortinas\/?post_type=product&#038;p=2653"},"modified":"2021-01-20T15:05:28","modified_gmt":"2021-01-20T15:05:28","slug":"dmc-merino-essentiel-ref-8130-cor878","status":"publish","type":"product","link":"https:\/\/dev.wisdomignite.pt\/cortinas\/produto\/dmc-merino-essentiel-ref-8130-cor878\/","title":{"rendered":"DMC MERINO ESSENTIEL REF.8130 COR878"},"content":{"rendered":"<p>L\u00e3 merino Essentiel, \u00e9 uma l\u00e3 para tric\u00f4 de camisolas, casacos, etc\u2026<\/p>\n<p>Novelo composto aproximadamente 100GR.<\/p>\n<p>Agulhas recomendadas 4mm<\/p>\n<p>lavagem a 30 graus.<\/p>\n","protected":false},"excerpt":{"rendered":"<p>L\u00e3 merino Essentiel, \u00e9 uma l\u00e3 para tric\u00f4 de camisolas, casacos, etc\u2026<\/p>\n<p>Novelo composto aproximadamente 100GR.<\/p>\n<p>Agulhas recomendadas 4mm<\/p>\n<p>lavagem a 30 graus.<\/p>\n","protected":false},"featured_media":2654,"comment_status":"open","ping_status":"closed","template":"","meta":{"inline_featured_image":false},"product_cat":[61,62,60],"product_tag":[59],"acf":[],"_links":{"self":[{"href":"https:\/\/dev.wisdomignite.pt\/cortinas\/wp-json\/wp\/v2\/product\/2653"}],"collection":[{"href":"https:\/\/dev.wisdomignite.pt\/cortinas\/wp-json\/wp\/v2\/product"}],"about":[{"href":"https:\/\/dev.wisdomignite.pt\/cortinas\/wp-json\/wp\/v2\/types\/product"}],"replies":[{"embeddable":true,"href":"https:\/\/dev.wisdomignite.pt\/cortinas\/wp-json\/wp\/v2\/comments?post=2653"}],"wp:featuredmedia":[{"embeddable":true,"href":"https:\/\/dev.wisdomignite.pt\/cortinas\/wp-json\/wp\/v2\/media\/2654"}],"wp:attachment":[{"href":"https:\/\/dev.wisdomignite.pt\/cortinas\/wp-json\/wp\/v2\/media?parent=2653"}],"wp:term":[{"taxonomy":"product_cat","embeddable":true,"href":"https:\/\/dev.wisdomignite.pt\/cortinas\/wp-json\/wp\/v2\/product_cat?post=2653"},{"taxonomy":"product_tag","embeddable":true,"href":"https:\/\/dev.wisdomignite.pt\/cortinas\/wp-json\/wp\/v2\/product_tag?post=2653"}],"curies":[{"name":"wp","href":"https:\/\/api.w.org\/{rel}","templated":true}]}}