{"id":2248,"date":"2020-07-16T16:03:36","date_gmt":"2020-07-16T16:03:36","guid":{"rendered":"https:\/\/dev.wisdomignite.pt\/cortinas\/?post_type=product&#038;p=2248"},"modified":"2021-01-19T18:12:34","modified_gmt":"2021-01-19T18:12:34","slug":"cose-agulhas-reparadoras","status":"publish","type":"product","link":"https:\/\/dev.wisdomignite.pt\/cortinas\/produto\/cose-agulhas-reparadoras\/","title":{"rendered":"COSE &#8211; AGULHAS REPARADORAS"},"content":{"rendered":"<p>kit de agulhas de v\u00e1rios tamanhos, ideal para ter um PAC mais completo e mais econ\u00f3mico em casa ou no trabalho.<\/p>\n","protected":false},"excerpt":{"rendered":"<p>Embalagem com doze agulhas pequenas, nove agulhas m\u00e9dias, um enfia dor de agulha, uma carpete, uma couro, uma para encaderna\u00e7\u00e3o de livros, uma estofo e uma curva.<\/p>\n","protected":false},"featured_media":2119,"comment_status":"open","ping_status":"closed","template":"","meta":{"inline_featured_image":false},"product_cat":[134,135,60],"product_tag":[],"acf":[],"_links":{"self":[{"href":"https:\/\/dev.wisdomignite.pt\/cortinas\/wp-json\/wp\/v2\/product\/2248"}],"collection":[{"href":"https:\/\/dev.wisdomignite.pt\/cortinas\/wp-json\/wp\/v2\/product"}],"about":[{"href":"https:\/\/dev.wisdomignite.pt\/cortinas\/wp-json\/wp\/v2\/types\/product"}],"replies":[{"embeddable":true,"href":"https:\/\/dev.wisdomignite.pt\/cortinas\/wp-json\/wp\/v2\/comments?post=2248"}],"wp:featuredmedia":[{"embeddable":true,"href":"https:\/\/dev.wisdomignite.pt\/cortinas\/wp-json\/wp\/v2\/media\/2119"}],"wp:attachment":[{"href":"https:\/\/dev.wisdomignite.pt\/cortinas\/wp-json\/wp\/v2\/media?parent=2248"}],"wp:term":[{"taxonomy":"product_cat","embeddable":true,"href":"https:\/\/dev.wisdomignite.pt\/cortinas\/wp-json\/wp\/v2\/product_cat?post=2248"},{"taxonomy":"product_tag","embeddable":true,"href":"https:\/\/dev.wisdomignite.pt\/cortinas\/wp-json\/wp\/v2\/product_tag?post=2248"}],"curies":[{"name":"wp","href":"https:\/\/api.w.org\/{rel}","templated":true}]}}