{"id":2225,"date":"2020-07-15T07:33:58","date_gmt":"2020-07-15T07:33:58","guid":{"rendered":"https:\/\/dev.wisdomignite.pt\/cortinas\/?post_type=product&#038;p=2225"},"modified":"2021-01-19T18:15:13","modified_gmt":"2021-01-19T18:15:13","slug":"cinza-punho-cinza","status":"publish","type":"product","link":"https:\/\/dev.wisdomignite.pt\/cortinas\/produto\/cinza-punho-cinza\/","title":{"rendered":"CINTA +PUNHO CINZA"},"content":{"rendered":"<p>CINTA+PUNHO SERVE PARA CONFECIONAR E CASACOS DE MALHA, CASACOS DE INVERNO.<\/p>\n","protected":false},"excerpt":{"rendered":"<p>Embalagem contem uma cinta e dois punhos. Composi\u00e7\u00e3o 60% acr. 25%l\u00e3. 15% poliamida<\/p>\n","protected":false},"featured_media":2140,"comment_status":"open","ping_status":"closed","template":"","meta":{"inline_featured_image":false},"product_cat":[139,138,60],"product_tag":[],"acf":[],"_links":{"self":[{"href":"https:\/\/dev.wisdomignite.pt\/cortinas\/wp-json\/wp\/v2\/product\/2225"}],"collection":[{"href":"https:\/\/dev.wisdomignite.pt\/cortinas\/wp-json\/wp\/v2\/product"}],"about":[{"href":"https:\/\/dev.wisdomignite.pt\/cortinas\/wp-json\/wp\/v2\/types\/product"}],"replies":[{"embeddable":true,"href":"https:\/\/dev.wisdomignite.pt\/cortinas\/wp-json\/wp\/v2\/comments?post=2225"}],"wp:featuredmedia":[{"embeddable":true,"href":"https:\/\/dev.wisdomignite.pt\/cortinas\/wp-json\/wp\/v2\/media\/2140"}],"wp:attachment":[{"href":"https:\/\/dev.wisdomignite.pt\/cortinas\/wp-json\/wp\/v2\/media?parent=2225"}],"wp:term":[{"taxonomy":"product_cat","embeddable":true,"href":"https:\/\/dev.wisdomignite.pt\/cortinas\/wp-json\/wp\/v2\/product_cat?post=2225"},{"taxonomy":"product_tag","embeddable":true,"href":"https:\/\/dev.wisdomignite.pt\/cortinas\/wp-json\/wp\/v2\/product_tag?post=2225"}],"curies":[{"name":"wp","href":"https:\/\/api.w.org\/{rel}","templated":true}]}}