{"id":1992,"date":"2020-07-06T10:18:55","date_gmt":"2020-07-06T10:18:55","guid":{"rendered":"https:\/\/dev.wisdomignite.pt\/cortinas\/?post_type=product&#038;p=1992"},"modified":"2021-01-19T18:17:19","modified_gmt":"2021-01-19T18:17:19","slug":"cola-tudo-triunfex","status":"publish","type":"product","link":"https:\/\/dev.wisdomignite.pt\/cortinas\/produto\/cola-tudo-triunfex\/","title":{"rendered":"Cola Tudo Triunfex"},"content":{"rendered":"<p><span style=\"color: #000000;font-family: Helvetica Neue;font-size: small\">COLA TUDO TRIUNFEX, para a colagem de todos os materiais borracha, tecido pl\u00e1stico, alcatifas, vidro, metal, laminados, madeira, cer\u00e2mica, vestu\u00e1rio, objectos de qualquer esp\u00e9cie, repara\u00e7\u00e3o de cal\u00e7ado, etc.<\/span><\/p>\n","protected":false},"excerpt":{"rendered":"<p><span style=\"color: #000000;font-family: Helvetica Neue;font-size: small\">Embalagem com 20ML<\/span><\/p>\n","protected":false},"featured_media":2040,"comment_status":"open","ping_status":"closed","template":"","meta":{"inline_featured_image":false},"product_cat":[134,60],"product_tag":[],"acf":[],"_links":{"self":[{"href":"https:\/\/dev.wisdomignite.pt\/cortinas\/wp-json\/wp\/v2\/product\/1992"}],"collection":[{"href":"https:\/\/dev.wisdomignite.pt\/cortinas\/wp-json\/wp\/v2\/product"}],"about":[{"href":"https:\/\/dev.wisdomignite.pt\/cortinas\/wp-json\/wp\/v2\/types\/product"}],"replies":[{"embeddable":true,"href":"https:\/\/dev.wisdomignite.pt\/cortinas\/wp-json\/wp\/v2\/comments?post=1992"}],"wp:featuredmedia":[{"embeddable":true,"href":"https:\/\/dev.wisdomignite.pt\/cortinas\/wp-json\/wp\/v2\/media\/2040"}],"wp:attachment":[{"href":"https:\/\/dev.wisdomignite.pt\/cortinas\/wp-json\/wp\/v2\/media?parent=1992"}],"wp:term":[{"taxonomy":"product_cat","embeddable":true,"href":"https:\/\/dev.wisdomignite.pt\/cortinas\/wp-json\/wp\/v2\/product_cat?post=1992"},{"taxonomy":"product_tag","embeddable":true,"href":"https:\/\/dev.wisdomignite.pt\/cortinas\/wp-json\/wp\/v2\/product_tag?post=1992"}],"curies":[{"name":"wp","href":"https:\/\/api.w.org\/{rel}","templated":true}]}}