{"id":1883,"date":"2020-06-29T09:20:23","date_gmt":"2020-06-29T09:20:23","guid":{"rendered":"https:\/\/dev.wisdomignite.pt\/cortinas\/?post_type=product&#038;p=1883"},"modified":"2021-01-20T15:05:31","modified_gmt":"2021-01-20T15:05:31","slug":"dmc-100-baby-cotton","status":"publish","type":"product","link":"https:\/\/dev.wisdomignite.pt\/cortinas\/produto\/dmc-100-baby-cotton\/","title":{"rendered":"DMC 100% Baby Cotton"},"content":{"rendered":"<p><span style=\"color: #000000; font-family: Helvetica Neue; font-size: small;\">L\u00e3 BABY COTTON \u00e9 um fio 100% algod\u00e3o especialmente concebido para beb\u00e9s e para a cria\u00e7\u00e3o de enxovais. \u00c8 suave e confort\u00e1vel para os mais pequenos. Tem uma apar\u00eancia mate, ideal para fazer roupas de beb\u00e9 como gorros, camisolas\u2026<\/span><\/p>\n","protected":false},"excerpt":{"rendered":"<p><span style=\"color: #000000; font-family: Helvetica Neue; font-size: small;\">Lavagem de 40\u00ba num programa delicado. Agulha de tric\u00f4 no. 3.5 \/ 4. Agulha de croch\u00e9 no.4<\/span><br \/>\n<span style=\"color: #000000; font-family: Helvetica Neue; font-size: small;\">50g &#8211; 106m<\/span><\/p>\n","protected":false},"featured_media":1884,"comment_status":"open","ping_status":"closed","template":"","meta":{"inline_featured_image":false},"product_cat":[61,62,60],"product_tag":[59],"acf":[],"_links":{"self":[{"href":"https:\/\/dev.wisdomignite.pt\/cortinas\/wp-json\/wp\/v2\/product\/1883"}],"collection":[{"href":"https:\/\/dev.wisdomignite.pt\/cortinas\/wp-json\/wp\/v2\/product"}],"about":[{"href":"https:\/\/dev.wisdomignite.pt\/cortinas\/wp-json\/wp\/v2\/types\/product"}],"replies":[{"embeddable":true,"href":"https:\/\/dev.wisdomignite.pt\/cortinas\/wp-json\/wp\/v2\/comments?post=1883"}],"wp:featuredmedia":[{"embeddable":true,"href":"https:\/\/dev.wisdomignite.pt\/cortinas\/wp-json\/wp\/v2\/media\/1884"}],"wp:attachment":[{"href":"https:\/\/dev.wisdomignite.pt\/cortinas\/wp-json\/wp\/v2\/media?parent=1883"}],"wp:term":[{"taxonomy":"product_cat","embeddable":true,"href":"https:\/\/dev.wisdomignite.pt\/cortinas\/wp-json\/wp\/v2\/product_cat?post=1883"},{"taxonomy":"product_tag","embeddable":true,"href":"https:\/\/dev.wisdomignite.pt\/cortinas\/wp-json\/wp\/v2\/product_tag?post=1883"}],"curies":[{"name":"wp","href":"https:\/\/api.w.org\/{rel}","templated":true}]}}