{"id":1866,"date":"2020-06-29T08:40:57","date_gmt":"2020-06-29T08:40:57","guid":{"rendered":"https:\/\/dev.wisdomignite.pt\/cortinas\/?post_type=product&#038;p=1866"},"modified":"2021-01-20T15:05:31","modified_gmt":"2021-01-20T15:05:31","slug":"dmc-revelation","status":"publish","type":"product","link":"https:\/\/dev.wisdomignite.pt\/cortinas\/produto\/dmc-revelation\/","title":{"rendered":"DMC R\u00e9v\u00e9lation"},"content":{"rendered":"<p><span style=\"color: #000000; font-family: Helvetica Neue; font-size: small;\">L\u00e3 R\u00e9v\u00e9lation \u00e9 um fio leve, com um fant\u00e1stico efeito de cores vivas e alegres. Fio multicolor, apresenta-se numa gama de 6 combina\u00e7\u00f5es coloridas. Ideal para todo tipo de trabalhos. Novas cores 206-207-208.<\/span><\/p>\n","protected":false},"excerpt":{"rendered":"<p><span style=\"color: #000000; font-family: Helvetica Neue; font-size: small;\">Lavagem programa delicado. 20% L\u00e3 e 80% Acrilico. Agulhas de tric\u00f4 e croch\u00e9 no. 4mm<\/span><br \/>\n<span style=\"color: #000000; font-family: Helvetica Neue; font-size: small;\">150g &#8211; 520m<\/span><\/p>\n","protected":false},"featured_media":1867,"comment_status":"open","ping_status":"closed","template":"","meta":{"inline_featured_image":false},"product_cat":[61,62,60],"product_tag":[59],"acf":[],"_links":{"self":[{"href":"https:\/\/dev.wisdomignite.pt\/cortinas\/wp-json\/wp\/v2\/product\/1866"}],"collection":[{"href":"https:\/\/dev.wisdomignite.pt\/cortinas\/wp-json\/wp\/v2\/product"}],"about":[{"href":"https:\/\/dev.wisdomignite.pt\/cortinas\/wp-json\/wp\/v2\/types\/product"}],"replies":[{"embeddable":true,"href":"https:\/\/dev.wisdomignite.pt\/cortinas\/wp-json\/wp\/v2\/comments?post=1866"}],"wp:featuredmedia":[{"embeddable":true,"href":"https:\/\/dev.wisdomignite.pt\/cortinas\/wp-json\/wp\/v2\/media\/1867"}],"wp:attachment":[{"href":"https:\/\/dev.wisdomignite.pt\/cortinas\/wp-json\/wp\/v2\/media?parent=1866"}],"wp:term":[{"taxonomy":"product_cat","embeddable":true,"href":"https:\/\/dev.wisdomignite.pt\/cortinas\/wp-json\/wp\/v2\/product_cat?post=1866"},{"taxonomy":"product_tag","embeddable":true,"href":"https:\/\/dev.wisdomignite.pt\/cortinas\/wp-json\/wp\/v2\/product_tag?post=1866"}],"curies":[{"name":"wp","href":"https:\/\/api.w.org\/{rel}","templated":true}]}}