{"id":2033,"date":"2020-07-07T14:58:24","date_gmt":"2020-07-07T14:58:24","guid":{"rendered":"https:\/\/dev.wisdomignite.pt\/cortinas\/?page_id=2033"},"modified":"2020-07-17T08:47:54","modified_gmt":"2020-07-17T08:47:54","slug":"condicoes-gerais-de-venda","status":"publish","type":"page","link":"https:\/\/dev.wisdomignite.pt\/cortinas\/condicoes-gerais-de-venda\/","title":{"rendered":"Condi\u00e7\u00f5es Gerais de Venda"},"content":{"rendered":"[vc_row type=&#8221;boxed&#8221;][vc_column width=&#8221;5\/6&#8243; offset=&#8221;vc_col-sm-offset-1&#8243;][vc_empty_space height=&#8221;47px&#8221;][vc_column_text]\n<h2>Condi\u00e7\u00f5es Geral de Venda.<\/h2>\n[\/vc_column_text][\/vc_column][\/vc_row][vc_row][vc_column][vc_empty_space height=&#8221;46&#8243;][\/vc_column][\/vc_row][vc_row type=&#8221;boxed&#8221;][vc_column width=&#8221;1\/4&#8243; offset=&#8221;vc_col-sm-offset-1&#8243;][vc_column_text]\n<h4>Pre\u00e7os<\/h4>\n[\/vc_column_text][vc_empty_space height=&#8221;17px&#8221;][\/vc_column][vc_column width=&#8221;7\/12&#8243;][vc_column_text]\n<p>Os pre\u00e7os apresentados s\u00e3o valores sem IVA. O valor do IVA \u00e9 calculado na finaliza\u00e7\u00e3o da encomenda.<\/p>\n[\/vc_column_text][\/vc_column][\/vc_row][vc_row][vc_column][vc_empty_space height=&#8221;46&#8243;][\/vc_column][\/vc_row][vc_row type=&#8221;boxed&#8221;][vc_column width=&#8221;1\/4&#8243; offset=&#8221;vc_col-sm-offset-1&#8243;][vc_column_text]\n<h4>Encomendas<\/h4>\n[\/vc_column_text][vc_empty_space height=&#8221;17px&#8221;][\/vc_column][vc_column width=&#8221;7\/12&#8243;][vc_column_text]Para encomendas de valor inferior a 20\u20ac, a JR Decor reserva-se o direito de cobrar 8,00\u20ac + IVA para despesas de processamento.[\/vc_column_text][\/vc_column][\/vc_row][vc_row][vc_column][vc_empty_space height=&#8221;46&#8243;][\/vc_column][\/vc_row][vc_row type=&#8221;boxed&#8221; css=&#8221;.vc_custom_1432674883870{padding-bottom: 39px !important;}&#8221;][vc_column width=&#8221;1\/4&#8243; offset=&#8221;vc_col-sm-offset-1&#8243;][vc_column_text]\n<h4>Custos de Envio<\/h4>\n[\/vc_column_text][vc_empty_space height=&#8221;17px&#8221;][\/vc_column][vc_column width=&#8221;7\/12&#8243;][vc_column_text]Os portes de envio variam na raz\u00e3o peso \/ volume, sendo que o m\u00ednimo valor cobrado \u00e9 de 7,00\u20ac (IVA inclu\u00eddo). O valor da cobran\u00e7a (caso exista) \u00e9 da inteira responsabilidade do expedidor.[\/vc_column_text][\/vc_column][\/vc_row][vc_row][vc_column][vc_empty_space height=&#8221;46&#8243;][\/vc_column][\/vc_row][vc_row type=&#8221;boxed&#8221; css=&#8221;.vc_custom_1432674883870{padding-bottom: 39px !important;}&#8221;][vc_column width=&#8221;1\/4&#8243; offset=&#8221;vc_col-sm-offset-1&#8243;][vc_column_text]\n<h4>Condi\u00e7\u00f5es de Pagamento<\/h4>\n[\/vc_column_text][vc_empty_space height=&#8221;17px&#8221;][\/vc_column][vc_column width=&#8221;7\/12&#8243;][vc_column_text]Pagamento antecipado, salvo condi\u00e7\u00f5es acordadas com a JR Decor.<\/p>\n[\/vc_column_text][\/vc_column][\/vc_row][vc_row][vc_column][vc_empty_space height=&#8221;46&#8243;][\/vc_column][\/vc_row][vc_row type=&#8221;boxed&#8221; css=&#8221;.vc_custom_1432674883870{padding-bottom: 39px !important;}&#8221;][vc_column width=&#8221;1\/4&#8243; offset=&#8221;vc_col-sm-offset-1&#8243;][vc_column_text]\n<h4>Devolu\u00e7\u00f5es<\/h4>\n[\/vc_column_text][vc_empty_space height=&#8221;17px&#8221;][\/vc_column][vc_column width=&#8221;7\/12&#8243;][vc_column_text]O prazo admitido para apresentar uma reclama\u00e7\u00e3o sobre o produto ou entrega \u00e9 de 8 dias ap\u00f3s a rece\u00e7\u00e3o pelo cliente. Qualquer anomalia verificada na entrega do material, dever\u00e1 ser assinalada no comprovativo de rece\u00e7\u00e3o ou o cliente poder\u00e1 optar por n\u00e3o aceitar a encomenda. Caso n\u00e3o exista nenhuma anomalia registada no comprovativo de rece\u00e7\u00e3o da mercadoria, a JR Decor reserva-se o direito de n\u00e3o assumir qualquer responsabilidade sobre o incidente.<\/p>\n[\/vc_column_text][\/vc_column][\/vc_row][vc_row][vc_column][vc_empty_space height=&#8221;46&#8243;][\/vc_column][\/vc_row][vc_row type=&#8221;boxed&#8221; css=&#8221;.vc_custom_1432674883870{padding-bottom: 39px !important;}&#8221;][vc_column width=&#8221;1\/4&#8243; offset=&#8221;vc_col-sm-offset-1&#8243;][vc_column_text]\n<h4>Trocas de Produtos<\/h4>\n[\/vc_column_text][vc_empty_space height=&#8221;17px&#8221;][\/vc_column][vc_column width=&#8221;7\/12&#8243;][vc_column_text]A solicita\u00e7\u00e3o para troca dever\u00e1 ser efetuada atrav\u00e9s do seguinte e-mail: <a href=\"mailto:jrdecoracao@hotmail.com\">jrdecoracao@hotmail.com<\/a>. Ap\u00f3s an\u00e1lise do processo de compra e do produto em quest\u00e3o que se pretende devolver, a JR Decor reserva-se o direito de aceitar ou n\u00e3o o pedido solicitado. Em caso de aceita\u00e7\u00e3o, caber\u00e1 ao cliente fazer chegar a mercadoria \u00e0 JR Decor nas condi\u00e7\u00f5es \u201cde novo\u201d \/ sem sinais de uso, e acompanhado da respetiva nota de devolu\u00e7\u00e3o. Em caso de aceita\u00e7\u00e3o da JR Decor proceder\u00e1 \u00e0 emiss\u00e3o de uma nota de cr\u00e9dito que poder\u00e1 ser descontada numa pr\u00f3xima compra.<\/p>\n<p>N\u00e3o se aceitam devolu\u00e7\u00f5es de linhas, fios e l\u00e3s.[\/vc_column_text][\/vc_column][\/vc_row][vc_row][vc_column][vc_empty_space height=&#8221;46&#8243;][\/vc_column][\/vc_row][vc_row type=&#8221;boxed&#8221; css=&#8221;.vc_custom_1432674883870{padding-bottom: 39px !important;}&#8221;][vc_column width=&#8221;1\/4&#8243; offset=&#8221;vc_col-sm-offset-1&#8243;][vc_column_text]\n<h4>Outros<\/h4>\n[\/vc_column_text][vc_empty_space height=&#8221;17px&#8221;][\/vc_column][vc_column width=&#8221;7\/12&#8243;][vc_column_text]As imagens dos produtos em constante rotatividade podem n\u00e3o corresponder com exatid\u00e3o \u00e0 figura representada.<\/p>\n[\/vc_column_text][\/vc_column][\/vc_row][vc_row][vc_column][vc_empty_space height=&#8221;46&#8243;][\/vc_column][\/vc_row]\n","protected":false},"excerpt":{"rendered":"[vc_row type=&#8221;boxed&#8221;][vc_column width=&#8221;5\/6&#8243; offset=&#8221;vc_col-sm-offset-1&#8243;][vc_empty_space height=&#8221;47px&#8221;][vc_column_text] Condi\u00e7\u00f5es Geral de Venda. [\/vc_column_text][\/vc_column][\/vc_row][vc_row][vc_column][vc_empty_space height=&#8221;46&#8243;][\/vc_column][\/vc_row][vc_row type=&#8221;boxed&#8221;][vc_column width=&#8221;1\/4&#8243; offset=&#8221;vc_col-sm-offset-1&#8243;][vc_column_text] Pre\u00e7os [\/vc_column_text][vc_empty_space height=&#8221;17px&#8221;][\/vc_column][vc_column width=&#8221;7\/12&#8243;][vc_column_text] Os pre\u00e7os apresentados s\u00e3o valores sem IVA. O valor do IVA \u00e9 calculado na finaliza\u00e7\u00e3o da encomenda. [\/vc_column_text][\/vc_column][\/vc_row][vc_row][vc_column][vc_empty_space height=&#8221;46&#8243;][\/vc_column][\/vc_row][vc_row type=&#8221;boxed&#8221;][vc_column width=&#8221;1\/4&#8243; offset=&#8221;vc_col-sm-offset-1&#8243;][vc_column_text] Encomendas [\/vc_column_text][vc_empty_space height=&#8221;17px&#8221;][\/vc_column][vc_column width=&#8221;7\/12&#8243;][vc_column_text]Para encomendas de valor inferior a 20\u20ac, a JR Decor reserva-se o [&#8230;]\n","protected":false},"author":1,"featured_media":0,"parent":0,"menu_order":0,"comment_status":"closed","ping_status":"closed","template":"","meta":{"inline_featured_image":false},"acf":[],"_links":{"self":[{"href":"https:\/\/dev.wisdomignite.pt\/cortinas\/wp-json\/wp\/v2\/pages\/2033"}],"collection":[{"href":"https:\/\/dev.wisdomignite.pt\/cortinas\/wp-json\/wp\/v2\/pages"}],"about":[{"href":"https:\/\/dev.wisdomignite.pt\/cortinas\/wp-json\/wp\/v2\/types\/page"}],"author":[{"embeddable":true,"href":"https:\/\/dev.wisdomignite.pt\/cortinas\/wp-json\/wp\/v2\/users\/1"}],"replies":[{"embeddable":true,"href":"https:\/\/dev.wisdomignite.pt\/cortinas\/wp-json\/wp\/v2\/comments?post=2033"}],"version-history":[{"count":5,"href":"https:\/\/dev.wisdomignite.pt\/cortinas\/wp-json\/wp\/v2\/pages\/2033\/revisions"}],"predecessor-version":[{"id":2278,"href":"https:\/\/dev.wisdomignite.pt\/cortinas\/wp-json\/wp\/v2\/pages\/2033\/revisions\/2278"}],"wp:attachment":[{"href":"https:\/\/dev.wisdomignite.pt\/cortinas\/wp-json\/wp\/v2\/media?parent=2033"}],"curies":[{"name":"wp","href":"https:\/\/api.w.org\/{rel}","templated":true}]}}