{"id":721,"date":"2021-12-22T11:52:57","date_gmt":"2021-12-22T10:52:57","guid":{"rendered":"https:\/\/dev.wisdomignite.pt\/concept-horeca\/produto\/forma-de-aluminio-take-away-19-100un\/"},"modified":"2021-12-22T11:52:58","modified_gmt":"2021-12-22T10:52:58","slug":"forma-de-aluminio-take-away-19-100un","status":"publish","type":"product","link":"https:\/\/dev.wisdomignite.pt\/concept-horeca\/produto\/forma-de-aluminio-take-away-19-100un\/","title":{"rendered":"Forma de Alum\u00ednio Take Away 19 &#8211; 100un"},"content":{"rendered":"","protected":false},"excerpt":{"rendered":"<p>Forma Alum\u00ednio Diversos,  Cont\u00e9m v\u00e1rios tamanhos, a Forma 19, forma 16A, Forma 16 e entre outros.<\/p>\n","protected":false},"featured_media":0,"comment_status":"closed","ping_status":"open","template":"","meta":[],"product_cat":[140,169],"product_tag":[130],"class_list":["post-721","product","type-product","status-publish","hentry","product_cat-consumiveis","product_cat-formas","product_tag-formas-aluminio-diversos"],"_links":{"self":[{"href":"https:\/\/dev.wisdomignite.pt\/concept-horeca\/wp-json\/wp\/v2\/product\/721","targetHints":{"allow":["GET"]}}],"collection":[{"href":"https:\/\/dev.wisdomignite.pt\/concept-horeca\/wp-json\/wp\/v2\/product"}],"about":[{"href":"https:\/\/dev.wisdomignite.pt\/concept-horeca\/wp-json\/wp\/v2\/types\/product"}],"replies":[{"embeddable":true,"href":"https:\/\/dev.wisdomignite.pt\/concept-horeca\/wp-json\/wp\/v2\/comments?post=721"}],"wp:attachment":[{"href":"https:\/\/dev.wisdomignite.pt\/concept-horeca\/wp-json\/wp\/v2\/media?parent=721"}],"wp:term":[{"taxonomy":"product_cat","embeddable":true,"href":"https:\/\/dev.wisdomignite.pt\/concept-horeca\/wp-json\/wp\/v2\/product_cat?post=721"},{"taxonomy":"product_tag","embeddable":true,"href":"https:\/\/dev.wisdomignite.pt\/concept-horeca\/wp-json\/wp\/v2\/product_tag?post=721"}],"curies":[{"name":"wp","href":"https:\/\/api.w.org\/{rel}","templated":true}]}}