{"id":720,"date":"2021-12-22T11:52:57","date_gmt":"2021-12-22T10:52:57","guid":{"rendered":"https:\/\/dev.wisdomignite.pt\/concept-horeca\/produto\/dispensador-papel-higienico-jumbo-inox\/"},"modified":"2021-12-22T11:52:58","modified_gmt":"2021-12-22T10:52:58","slug":"dispensador-papel-higienico-jumbo-inox","status":"publish","type":"product","link":"https:\/\/dev.wisdomignite.pt\/concept-horeca\/produto\/dispensador-papel-higienico-jumbo-inox\/","title":{"rendered":"Dispensador Papel Higi\u00e9nico Jumbo Inox"},"content":{"rendered":"<p>Dispensador  papel  Hig\u00edenico Jumbo  A\u00e7o Inox, Com a capacidade de acomodar grande um rolo, ele tem trava lateral e n\u00e3o precisa de qualquer tipo de ferramenta para abertura ou fechamento. Seu material \u00e9 nobre, diferente do pl\u00e1stico comum no mercado.<\/p>\n","protected":false},"excerpt":{"rendered":"<p>Dispensador  papel Higi\u00e9nico jumbo A\u00e7o Inox, com  tem design moderno, \u00e9 totalmente fabricado em a\u00e7o inox e n\u00e3o apresenta dificuldades para manter a higiene.<\/p>\n","protected":false},"featured_media":673,"comment_status":"closed","ping_status":"open","template":"","meta":[],"product_cat":[168],"product_tag":[128],"class_list":["post-720","product","type-product","status-publish","has-post-thumbnail","hentry","product_cat-dispensadores","product_tag-dispensador-jumbo"],"_links":{"self":[{"href":"https:\/\/dev.wisdomignite.pt\/concept-horeca\/wp-json\/wp\/v2\/product\/720","targetHints":{"allow":["GET"]}}],"collection":[{"href":"https:\/\/dev.wisdomignite.pt\/concept-horeca\/wp-json\/wp\/v2\/product"}],"about":[{"href":"https:\/\/dev.wisdomignite.pt\/concept-horeca\/wp-json\/wp\/v2\/types\/product"}],"replies":[{"embeddable":true,"href":"https:\/\/dev.wisdomignite.pt\/concept-horeca\/wp-json\/wp\/v2\/comments?post=720"}],"wp:featuredmedia":[{"embeddable":true,"href":"https:\/\/dev.wisdomignite.pt\/concept-horeca\/wp-json\/wp\/v2\/media\/673"}],"wp:attachment":[{"href":"https:\/\/dev.wisdomignite.pt\/concept-horeca\/wp-json\/wp\/v2\/media?parent=720"}],"wp:term":[{"taxonomy":"product_cat","embeddable":true,"href":"https:\/\/dev.wisdomignite.pt\/concept-horeca\/wp-json\/wp\/v2\/product_cat?post=720"},{"taxonomy":"product_tag","embeddable":true,"href":"https:\/\/dev.wisdomignite.pt\/concept-horeca\/wp-json\/wp\/v2\/product_tag?post=720"}],"curies":[{"name":"wp","href":"https:\/\/api.w.org\/{rel}","templated":true}]}}