{"id":711,"date":"2021-12-22T11:52:57","date_gmt":"2021-12-22T10:52:57","guid":{"rendered":"https:\/\/dev.wisdomignite.pt\/concept-horeca\/produto\/touca-tnt-cirurgica-100un\/"},"modified":"2021-12-22T11:52:57","modified_gmt":"2021-12-22T10:52:57","slug":"touca-tnt-cirurgica-100un","status":"publish","type":"product","link":"https:\/\/dev.wisdomignite.pt\/concept-horeca\/produto\/touca-tnt-cirurgica-100un\/","title":{"rendered":"Touca TNT Cir\u00fargica &#8211; 100un"},"content":{"rendered":"<p>Touca, cont\u00e9m tamanho adequado para a cobertura total do cabelo e sem solu\u00e7\u00e3o de continuidade (furos,<br \/>\nrasgos) para n\u00e3o &#8220;quebrar&#8221; a barreira ass\u00e9ptica. Por ser apenas limpa, n\u00e3o pode tocar em superf\u00edcies est\u00e9reis.<\/p>\n","protected":false},"excerpt":{"rendered":"<p>Touca, barreira de prote\u00e7\u00e3o contra microorganismos do cabelo e couro cabeludo<\/p>\n","protected":false},"featured_media":655,"comment_status":"closed","ping_status":"open","template":"","meta":[],"product_cat":[140,162],"product_tag":[113],"class_list":["post-711","product","type-product","status-publish","has-post-thumbnail","hentry","product_cat-consumiveis","product_cat-toucas","product_tag-touca-tnt"],"_links":{"self":[{"href":"https:\/\/dev.wisdomignite.pt\/concept-horeca\/wp-json\/wp\/v2\/product\/711","targetHints":{"allow":["GET"]}}],"collection":[{"href":"https:\/\/dev.wisdomignite.pt\/concept-horeca\/wp-json\/wp\/v2\/product"}],"about":[{"href":"https:\/\/dev.wisdomignite.pt\/concept-horeca\/wp-json\/wp\/v2\/types\/product"}],"replies":[{"embeddable":true,"href":"https:\/\/dev.wisdomignite.pt\/concept-horeca\/wp-json\/wp\/v2\/comments?post=711"}],"wp:featuredmedia":[{"embeddable":true,"href":"https:\/\/dev.wisdomignite.pt\/concept-horeca\/wp-json\/wp\/v2\/media\/655"}],"wp:attachment":[{"href":"https:\/\/dev.wisdomignite.pt\/concept-horeca\/wp-json\/wp\/v2\/media?parent=711"}],"wp:term":[{"taxonomy":"product_cat","embeddable":true,"href":"https:\/\/dev.wisdomignite.pt\/concept-horeca\/wp-json\/wp\/v2\/product_cat?post=711"},{"taxonomy":"product_tag","embeddable":true,"href":"https:\/\/dev.wisdomignite.pt\/concept-horeca\/wp-json\/wp\/v2\/product_tag?post=711"}],"curies":[{"name":"wp","href":"https:\/\/api.w.org\/{rel}","templated":true}]}}