{"id":707,"date":"2021-12-22T11:52:57","date_gmt":"2021-12-22T10:52:57","guid":{"rendered":"https:\/\/dev.wisdomignite.pt\/concept-horeca\/produto\/lava-loica-concept-5l\/"},"modified":"2021-12-22T11:52:57","modified_gmt":"2021-12-22T10:52:57","slug":"lava-loica-concept-5l","status":"publish","type":"product","link":"https:\/\/dev.wisdomignite.pt\/concept-horeca\/produto\/lava-loica-concept-5l\/","title":{"rendered":"Lava Loi\u00e7a Concept &#8211; 5l"},"content":{"rendered":"<p>Lava Loi\u00e7a, devido a sua f\u00f3rmula concetrada, cont\u00e9m agentes hidratantes deixando as m\u00e3os suaves e hidratadas. Utilizar 2\/3mlde produto  na esponja h\u00famida e aplicar na loi\u00e7a e deluir 15\/25ml em 10 litros de \u00e1gua quente.<\/p>\n","protected":false},"excerpt":{"rendered":"<p>Lava-Loi\u00e7a, Produto especialmente desenvolvido como lava loi\u00e7a manual, permitindo desengordurar a fundo e dar mais brilho a loi\u00e7a.<\/p>\n","protected":false},"featured_media":647,"comment_status":"closed","ping_status":"open","template":"","meta":[],"product_cat":[140,159,141],"product_tag":[85],"class_list":["post-707","product","type-product","status-publish","has-post-thumbnail","hentry","product_cat-consumiveis","product_cat-lava-loica-liquidos","product_cat-liquidos","product_tag-lava-loica"],"_links":{"self":[{"href":"https:\/\/dev.wisdomignite.pt\/concept-horeca\/wp-json\/wp\/v2\/product\/707","targetHints":{"allow":["GET"]}}],"collection":[{"href":"https:\/\/dev.wisdomignite.pt\/concept-horeca\/wp-json\/wp\/v2\/product"}],"about":[{"href":"https:\/\/dev.wisdomignite.pt\/concept-horeca\/wp-json\/wp\/v2\/types\/product"}],"replies":[{"embeddable":true,"href":"https:\/\/dev.wisdomignite.pt\/concept-horeca\/wp-json\/wp\/v2\/comments?post=707"}],"wp:featuredmedia":[{"embeddable":true,"href":"https:\/\/dev.wisdomignite.pt\/concept-horeca\/wp-json\/wp\/v2\/media\/647"}],"wp:attachment":[{"href":"https:\/\/dev.wisdomignite.pt\/concept-horeca\/wp-json\/wp\/v2\/media?parent=707"}],"wp:term":[{"taxonomy":"product_cat","embeddable":true,"href":"https:\/\/dev.wisdomignite.pt\/concept-horeca\/wp-json\/wp\/v2\/product_cat?post=707"},{"taxonomy":"product_tag","embeddable":true,"href":"https:\/\/dev.wisdomignite.pt\/concept-horeca\/wp-json\/wp\/v2\/product_tag?post=707"}],"curies":[{"name":"wp","href":"https:\/\/api.w.org\/{rel}","templated":true}]}}